{"id":111,"date":"2015-12-24T13:37:32","date_gmt":"2015-12-24T13:37:32","guid":{"rendered":"https:\/\/paulaibanez.cl\/intro\/?page_id=111"},"modified":"2015-12-29T14:26:49","modified_gmt":"2015-12-29T14:26:49","slug":"a-medida","status":"publish","type":"page","link":"https:\/\/paulaibanez.cl\/intro\/a-medida\/","title":{"rendered":"A medida"},"content":{"rendered":"<p><a href=\"https:\/\/paulaibanez.cl\/intro\/wp-content\/uploads\/2015\/12\/medida.png\" rel=\"attachment wp-att-112\"><img loading=\"lazy\" decoding=\"async\" class=\"size-medium wp-image-112 alignright\" src=\"https:\/\/paulaibanez.cl\/intro\/wp-content\/uploads\/2015\/12\/medida-300x200.png\" alt=\"A medida\" width=\"300\" height=\"200\" srcset=\"https:\/\/paulaibanez.cl\/intro\/wp-content\/uploads\/2015\/12\/medida-300x200.png 300w, https:\/\/paulaibanez.cl\/intro\/wp-content\/uploads\/2015\/12\/medida-768x512.png 768w, https:\/\/paulaibanez.cl\/intro\/wp-content\/uploads\/2015\/12\/medida.png 962w\" sizes=\"auto, (max-width: 300px) 100vw, 300px\" \/><\/a>Programas para fortalecer equipos, solucionar conflictos, team builing, motivaci\u00f3n.<\/p>\n<p>Si necesitas m\u00e1s informaci\u00f3n:<\/p>\n<p><a href=\"http:\/\/www.paulaibanez.cl\/formmail\/formmail.php\">&gt;&gt; haz tu consulta<\/a><\/p>\n<p>&nbsp;<\/p>\n","protected":false},"excerpt":{"rendered":"<p>Programas para fortalecer equipos, solucionar conflictos, team builing, motivaci\u00f3n. Si necesitas m\u00e1s informaci\u00f3n: &gt;&gt; haz tu consulta &nbsp;<\/p>\n","protected":false},"author":2,"featured_media":0,"parent":0,"menu_order":0,"comment_status":"closed","ping_status":"closed","template":"","meta":{"footnotes":""},"class_list":["post-111","page","type-page","status-publish","czr-hentry"],"yoast_head":"<!-- This site is optimized with the Yoast SEO plugin v27.4 - https:\/\/yoast.com\/product\/yoast-seo-wordpress\/ -->\n<title>A medida - Paula Iba\u00f1ez<\/title>\n<meta name=\"robots\" content=\"index, follow, max-snippet:-1, max-image-preview:large, max-video-preview:-1\" \/>\n<link rel=\"canonical\" href=\"https:\/\/paulaibanez.cl\/intro\/a-medida\/\" \/>\n<meta property=\"og:locale\" content=\"es_ES\" \/>\n<meta property=\"og:type\" content=\"article\" \/>\n<meta property=\"og:title\" content=\"A medida - Paula Iba\u00f1ez\" \/>\n<meta property=\"og:description\" content=\"Programas para fortalecer equipos, solucionar conflictos, team builing, motivaci\u00f3n. Si necesitas m\u00e1s informaci\u00f3n: &gt;&gt; haz tu consulta &nbsp;\" \/>\n<meta property=\"og:url\" content=\"https:\/\/paulaibanez.cl\/intro\/a-medida\/\" \/>\n<meta property=\"og:site_name\" content=\"Paula Iba\u00f1ez\" \/>\n<meta property=\"article:modified_time\" content=\"2015-12-29T14:26:49+00:00\" \/>\n<meta property=\"og:image\" content=\"https:\/\/paulaibanez.cl\/intro\/wp-content\/uploads\/2015\/12\/medida-300x200.png\" \/>\n<meta name=\"twitter:card\" content=\"summary_large_image\" \/>\n<script type=\"application\/ld+json\" class=\"yoast-schema-graph\">{\"@context\":\"https:\\\/\\\/schema.org\",\"@graph\":[{\"@type\":\"WebPage\",\"@id\":\"https:\\\/\\\/paulaibanez.cl\\\/intro\\\/a-medida\\\/\",\"url\":\"https:\\\/\\\/paulaibanez.cl\\\/intro\\\/a-medida\\\/\",\"name\":\"A medida - Paula Iba\u00f1ez\",\"isPartOf\":{\"@id\":\"https:\\\/\\\/paulaibanez.cl\\\/intro\\\/#website\"},\"primaryImageOfPage\":{\"@id\":\"https:\\\/\\\/paulaibanez.cl\\\/intro\\\/a-medida\\\/#primaryimage\"},\"image\":{\"@id\":\"https:\\\/\\\/paulaibanez.cl\\\/intro\\\/a-medida\\\/#primaryimage\"},\"thumbnailUrl\":\"https:\\\/\\\/paulaibanez.cl\\\/intro\\\/wp-content\\\/uploads\\\/2015\\\/12\\\/medida-300x200.png\",\"datePublished\":\"2015-12-24T13:37:32+00:00\",\"dateModified\":\"2015-12-29T14:26:49+00:00\",\"breadcrumb\":{\"@id\":\"https:\\\/\\\/paulaibanez.cl\\\/intro\\\/a-medida\\\/#breadcrumb\"},\"inLanguage\":\"es\",\"potentialAction\":[{\"@type\":\"ReadAction\",\"target\":[\"https:\\\/\\\/paulaibanez.cl\\\/intro\\\/a-medida\\\/\"]}]},{\"@type\":\"ImageObject\",\"inLanguage\":\"es\",\"@id\":\"https:\\\/\\\/paulaibanez.cl\\\/intro\\\/a-medida\\\/#primaryimage\",\"url\":\"https:\\\/\\\/paulaibanez.cl\\\/intro\\\/wp-content\\\/uploads\\\/2015\\\/12\\\/medida.png\",\"contentUrl\":\"https:\\\/\\\/paulaibanez.cl\\\/intro\\\/wp-content\\\/uploads\\\/2015\\\/12\\\/medida.png\",\"width\":962,\"height\":641},{\"@type\":\"BreadcrumbList\",\"@id\":\"https:\\\/\\\/paulaibanez.cl\\\/intro\\\/a-medida\\\/#breadcrumb\",\"itemListElement\":[{\"@type\":\"ListItem\",\"position\":1,\"name\":\"Portada\",\"item\":\"https:\\\/\\\/paulaibanez.cl\\\/intro\\\/\"},{\"@type\":\"ListItem\",\"position\":2,\"name\":\"A medida\"}]},{\"@type\":\"WebSite\",\"@id\":\"https:\\\/\\\/paulaibanez.cl\\\/intro\\\/#website\",\"url\":\"https:\\\/\\\/paulaibanez.cl\\\/intro\\\/\",\"name\":\"Paula Iba\u00f1ez\",\"description\":\"Coaching y Neurociencia en las Organizaciones\",\"potentialAction\":[{\"@type\":\"SearchAction\",\"target\":{\"@type\":\"EntryPoint\",\"urlTemplate\":\"https:\\\/\\\/paulaibanez.cl\\\/intro\\\/?s={search_term_string}\"},\"query-input\":{\"@type\":\"PropertyValueSpecification\",\"valueRequired\":true,\"valueName\":\"search_term_string\"}}],\"inLanguage\":\"es\"}]}<\/script>\n<!-- \/ Yoast SEO plugin. -->","yoast_head_json":{"title":"A medida - Paula Iba\u00f1ez","robots":{"index":"index","follow":"follow","max-snippet":"max-snippet:-1","max-image-preview":"max-image-preview:large","max-video-preview":"max-video-preview:-1"},"canonical":"https:\/\/paulaibanez.cl\/intro\/a-medida\/","og_locale":"es_ES","og_type":"article","og_title":"A medida - Paula Iba\u00f1ez","og_description":"Programas para fortalecer equipos, solucionar conflictos, team builing, motivaci\u00f3n. Si necesitas m\u00e1s informaci\u00f3n: &gt;&gt; haz tu consulta &nbsp;","og_url":"https:\/\/paulaibanez.cl\/intro\/a-medida\/","og_site_name":"Paula Iba\u00f1ez","article_modified_time":"2015-12-29T14:26:49+00:00","og_image":[{"url":"https:\/\/paulaibanez.cl\/intro\/wp-content\/uploads\/2015\/12\/medida-300x200.png","type":"","width":"","height":""}],"twitter_card":"summary_large_image","schema":{"@context":"https:\/\/schema.org","@graph":[{"@type":"WebPage","@id":"https:\/\/paulaibanez.cl\/intro\/a-medida\/","url":"https:\/\/paulaibanez.cl\/intro\/a-medida\/","name":"A medida - Paula Iba\u00f1ez","isPartOf":{"@id":"https:\/\/paulaibanez.cl\/intro\/#website"},"primaryImageOfPage":{"@id":"https:\/\/paulaibanez.cl\/intro\/a-medida\/#primaryimage"},"image":{"@id":"https:\/\/paulaibanez.cl\/intro\/a-medida\/#primaryimage"},"thumbnailUrl":"https:\/\/paulaibanez.cl\/intro\/wp-content\/uploads\/2015\/12\/medida-300x200.png","datePublished":"2015-12-24T13:37:32+00:00","dateModified":"2015-12-29T14:26:49+00:00","breadcrumb":{"@id":"https:\/\/paulaibanez.cl\/intro\/a-medida\/#breadcrumb"},"inLanguage":"es","potentialAction":[{"@type":"ReadAction","target":["https:\/\/paulaibanez.cl\/intro\/a-medida\/"]}]},{"@type":"ImageObject","inLanguage":"es","@id":"https:\/\/paulaibanez.cl\/intro\/a-medida\/#primaryimage","url":"https:\/\/paulaibanez.cl\/intro\/wp-content\/uploads\/2015\/12\/medida.png","contentUrl":"https:\/\/paulaibanez.cl\/intro\/wp-content\/uploads\/2015\/12\/medida.png","width":962,"height":641},{"@type":"BreadcrumbList","@id":"https:\/\/paulaibanez.cl\/intro\/a-medida\/#breadcrumb","itemListElement":[{"@type":"ListItem","position":1,"name":"Portada","item":"https:\/\/paulaibanez.cl\/intro\/"},{"@type":"ListItem","position":2,"name":"A medida"}]},{"@type":"WebSite","@id":"https:\/\/paulaibanez.cl\/intro\/#website","url":"https:\/\/paulaibanez.cl\/intro\/","name":"Paula Iba\u00f1ez","description":"Coaching y Neurociencia en las Organizaciones","potentialAction":[{"@type":"SearchAction","target":{"@type":"EntryPoint","urlTemplate":"https:\/\/paulaibanez.cl\/intro\/?s={search_term_string}"},"query-input":{"@type":"PropertyValueSpecification","valueRequired":true,"valueName":"search_term_string"}}],"inLanguage":"es"}]}},"_links":{"self":[{"href":"https:\/\/paulaibanez.cl\/intro\/wp-json\/wp\/v2\/pages\/111","targetHints":{"allow":["GET"]}}],"collection":[{"href":"https:\/\/paulaibanez.cl\/intro\/wp-json\/wp\/v2\/pages"}],"about":[{"href":"https:\/\/paulaibanez.cl\/intro\/wp-json\/wp\/v2\/types\/page"}],"author":[{"embeddable":true,"href":"https:\/\/paulaibanez.cl\/intro\/wp-json\/wp\/v2\/users\/2"}],"replies":[{"embeddable":true,"href":"https:\/\/paulaibanez.cl\/intro\/wp-json\/wp\/v2\/comments?post=111"}],"version-history":[{"count":2,"href":"https:\/\/paulaibanez.cl\/intro\/wp-json\/wp\/v2\/pages\/111\/revisions"}],"predecessor-version":[{"id":141,"href":"https:\/\/paulaibanez.cl\/intro\/wp-json\/wp\/v2\/pages\/111\/revisions\/141"}],"wp:attachment":[{"href":"https:\/\/paulaibanez.cl\/intro\/wp-json\/wp\/v2\/media?parent=111"}],"curies":[{"name":"wp","href":"https:\/\/api.w.org\/{rel}","templated":true}]}}