{"id":137,"date":"2015-12-29T14:21:39","date_gmt":"2015-12-29T14:21:39","guid":{"rendered":"https:\/\/paulaibanez.cl\/intro\/?page_id=137"},"modified":"2015-12-29T14:26:08","modified_gmt":"2015-12-29T14:26:08","slug":"team-building","status":"publish","type":"page","link":"https:\/\/paulaibanez.cl\/intro\/team-building\/","title":{"rendered":"Team Building"},"content":{"rendered":"<p><a href=\"https:\/\/paulaibanez.cl\/intro\/wp-content\/uploads\/2015\/12\/teambuiliding.jpg\" rel=\"attachment wp-att-109\"><img loading=\"lazy\" decoding=\"async\" class=\"size-medium wp-image-109 alignright\" src=\"https:\/\/paulaibanez.cl\/intro\/wp-content\/uploads\/2015\/12\/teambuiliding-300x207.jpg\" alt=\"Team Building\" width=\"300\" height=\"207\" srcset=\"https:\/\/paulaibanez.cl\/intro\/wp-content\/uploads\/2015\/12\/teambuiliding-300x207.jpg 300w, https:\/\/paulaibanez.cl\/intro\/wp-content\/uploads\/2015\/12\/teambuiliding-768x531.jpg 768w, https:\/\/paulaibanez.cl\/intro\/wp-content\/uploads\/2015\/12\/teambuiliding.jpg 923w\" sizes=\"auto, (max-width: 300px) 100vw, 300px\" \/><\/a>Programaspara fortalecer equipos, solucionar conflictos, team builing, motivaci\u00f3n.<\/p>\n<p>&nbsp;<\/p>\n<p>Si necesitas m\u00e1s informaci\u00f3n:<\/p>\n<p><a href=\"http:\/\/www.paulaibanez.cl\/contacto\">&gt;&gt; haz tu consulta<\/a><\/p>\n","protected":false},"excerpt":{"rendered":"<p>Programaspara fortalecer equipos, solucionar conflictos, team builing, motivaci\u00f3n. &nbsp; Si necesitas m\u00e1s informaci\u00f3n: &gt;&gt; haz tu consulta<\/p>\n","protected":false},"author":2,"featured_media":0,"parent":0,"menu_order":0,"comment_status":"closed","ping_status":"closed","template":"","meta":{"footnotes":""},"class_list":["post-137","page","type-page","status-publish","czr-hentry"],"yoast_head":"<!-- This site is optimized with the Yoast SEO plugin v27.4 - https:\/\/yoast.com\/product\/yoast-seo-wordpress\/ -->\n<title>Team Building - Paula Iba\u00f1ez<\/title>\n<meta name=\"robots\" content=\"index, follow, max-snippet:-1, max-image-preview:large, max-video-preview:-1\" \/>\n<link rel=\"canonical\" href=\"https:\/\/paulaibanez.cl\/intro\/team-building\/\" \/>\n<meta property=\"og:locale\" content=\"es_ES\" \/>\n<meta property=\"og:type\" content=\"article\" \/>\n<meta property=\"og:title\" content=\"Team Building - Paula Iba\u00f1ez\" \/>\n<meta property=\"og:description\" content=\"Programaspara fortalecer equipos, solucionar conflictos, team builing, motivaci\u00f3n. &nbsp; Si necesitas m\u00e1s informaci\u00f3n: &gt;&gt; haz tu consulta\" \/>\n<meta property=\"og:url\" content=\"https:\/\/paulaibanez.cl\/intro\/team-building\/\" \/>\n<meta property=\"og:site_name\" content=\"Paula Iba\u00f1ez\" \/>\n<meta property=\"article:modified_time\" content=\"2015-12-29T14:26:08+00:00\" \/>\n<meta property=\"og:image\" content=\"https:\/\/paulaibanez.cl\/intro\/wp-content\/uploads\/2015\/12\/teambuiliding-300x207.jpg\" \/>\n<meta name=\"twitter:card\" content=\"summary_large_image\" \/>\n<script type=\"application\/ld+json\" class=\"yoast-schema-graph\">{\"@context\":\"https:\\\/\\\/schema.org\",\"@graph\":[{\"@type\":\"WebPage\",\"@id\":\"https:\\\/\\\/paulaibanez.cl\\\/intro\\\/team-building\\\/\",\"url\":\"https:\\\/\\\/paulaibanez.cl\\\/intro\\\/team-building\\\/\",\"name\":\"Team Building - Paula Iba\u00f1ez\",\"isPartOf\":{\"@id\":\"https:\\\/\\\/paulaibanez.cl\\\/intro\\\/#website\"},\"primaryImageOfPage\":{\"@id\":\"https:\\\/\\\/paulaibanez.cl\\\/intro\\\/team-building\\\/#primaryimage\"},\"image\":{\"@id\":\"https:\\\/\\\/paulaibanez.cl\\\/intro\\\/team-building\\\/#primaryimage\"},\"thumbnailUrl\":\"https:\\\/\\\/paulaibanez.cl\\\/intro\\\/wp-content\\\/uploads\\\/2015\\\/12\\\/teambuiliding-300x207.jpg\",\"datePublished\":\"2015-12-29T14:21:39+00:00\",\"dateModified\":\"2015-12-29T14:26:08+00:00\",\"breadcrumb\":{\"@id\":\"https:\\\/\\\/paulaibanez.cl\\\/intro\\\/team-building\\\/#breadcrumb\"},\"inLanguage\":\"es\",\"potentialAction\":[{\"@type\":\"ReadAction\",\"target\":[\"https:\\\/\\\/paulaibanez.cl\\\/intro\\\/team-building\\\/\"]}]},{\"@type\":\"ImageObject\",\"inLanguage\":\"es\",\"@id\":\"https:\\\/\\\/paulaibanez.cl\\\/intro\\\/team-building\\\/#primaryimage\",\"url\":\"https:\\\/\\\/paulaibanez.cl\\\/intro\\\/wp-content\\\/uploads\\\/2015\\\/12\\\/teambuiliding.jpg\",\"contentUrl\":\"https:\\\/\\\/paulaibanez.cl\\\/intro\\\/wp-content\\\/uploads\\\/2015\\\/12\\\/teambuiliding.jpg\",\"width\":923,\"height\":638},{\"@type\":\"BreadcrumbList\",\"@id\":\"https:\\\/\\\/paulaibanez.cl\\\/intro\\\/team-building\\\/#breadcrumb\",\"itemListElement\":[{\"@type\":\"ListItem\",\"position\":1,\"name\":\"Portada\",\"item\":\"https:\\\/\\\/paulaibanez.cl\\\/intro\\\/\"},{\"@type\":\"ListItem\",\"position\":2,\"name\":\"Team Building\"}]},{\"@type\":\"WebSite\",\"@id\":\"https:\\\/\\\/paulaibanez.cl\\\/intro\\\/#website\",\"url\":\"https:\\\/\\\/paulaibanez.cl\\\/intro\\\/\",\"name\":\"Paula Iba\u00f1ez\",\"description\":\"Coaching y Neurociencia en las Organizaciones\",\"potentialAction\":[{\"@type\":\"SearchAction\",\"target\":{\"@type\":\"EntryPoint\",\"urlTemplate\":\"https:\\\/\\\/paulaibanez.cl\\\/intro\\\/?s={search_term_string}\"},\"query-input\":{\"@type\":\"PropertyValueSpecification\",\"valueRequired\":true,\"valueName\":\"search_term_string\"}}],\"inLanguage\":\"es\"}]}<\/script>\n<!-- \/ Yoast SEO plugin. -->","yoast_head_json":{"title":"Team Building - Paula Iba\u00f1ez","robots":{"index":"index","follow":"follow","max-snippet":"max-snippet:-1","max-image-preview":"max-image-preview:large","max-video-preview":"max-video-preview:-1"},"canonical":"https:\/\/paulaibanez.cl\/intro\/team-building\/","og_locale":"es_ES","og_type":"article","og_title":"Team Building - Paula Iba\u00f1ez","og_description":"Programaspara fortalecer equipos, solucionar conflictos, team builing, motivaci\u00f3n. &nbsp; Si necesitas m\u00e1s informaci\u00f3n: &gt;&gt; haz tu consulta","og_url":"https:\/\/paulaibanez.cl\/intro\/team-building\/","og_site_name":"Paula Iba\u00f1ez","article_modified_time":"2015-12-29T14:26:08+00:00","og_image":[{"url":"https:\/\/paulaibanez.cl\/intro\/wp-content\/uploads\/2015\/12\/teambuiliding-300x207.jpg","type":"","width":"","height":""}],"twitter_card":"summary_large_image","schema":{"@context":"https:\/\/schema.org","@graph":[{"@type":"WebPage","@id":"https:\/\/paulaibanez.cl\/intro\/team-building\/","url":"https:\/\/paulaibanez.cl\/intro\/team-building\/","name":"Team Building - Paula Iba\u00f1ez","isPartOf":{"@id":"https:\/\/paulaibanez.cl\/intro\/#website"},"primaryImageOfPage":{"@id":"https:\/\/paulaibanez.cl\/intro\/team-building\/#primaryimage"},"image":{"@id":"https:\/\/paulaibanez.cl\/intro\/team-building\/#primaryimage"},"thumbnailUrl":"https:\/\/paulaibanez.cl\/intro\/wp-content\/uploads\/2015\/12\/teambuiliding-300x207.jpg","datePublished":"2015-12-29T14:21:39+00:00","dateModified":"2015-12-29T14:26:08+00:00","breadcrumb":{"@id":"https:\/\/paulaibanez.cl\/intro\/team-building\/#breadcrumb"},"inLanguage":"es","potentialAction":[{"@type":"ReadAction","target":["https:\/\/paulaibanez.cl\/intro\/team-building\/"]}]},{"@type":"ImageObject","inLanguage":"es","@id":"https:\/\/paulaibanez.cl\/intro\/team-building\/#primaryimage","url":"https:\/\/paulaibanez.cl\/intro\/wp-content\/uploads\/2015\/12\/teambuiliding.jpg","contentUrl":"https:\/\/paulaibanez.cl\/intro\/wp-content\/uploads\/2015\/12\/teambuiliding.jpg","width":923,"height":638},{"@type":"BreadcrumbList","@id":"https:\/\/paulaibanez.cl\/intro\/team-building\/#breadcrumb","itemListElement":[{"@type":"ListItem","position":1,"name":"Portada","item":"https:\/\/paulaibanez.cl\/intro\/"},{"@type":"ListItem","position":2,"name":"Team Building"}]},{"@type":"WebSite","@id":"https:\/\/paulaibanez.cl\/intro\/#website","url":"https:\/\/paulaibanez.cl\/intro\/","name":"Paula Iba\u00f1ez","description":"Coaching y Neurociencia en las Organizaciones","potentialAction":[{"@type":"SearchAction","target":{"@type":"EntryPoint","urlTemplate":"https:\/\/paulaibanez.cl\/intro\/?s={search_term_string}"},"query-input":{"@type":"PropertyValueSpecification","valueRequired":true,"valueName":"search_term_string"}}],"inLanguage":"es"}]}},"_links":{"self":[{"href":"https:\/\/paulaibanez.cl\/intro\/wp-json\/wp\/v2\/pages\/137","targetHints":{"allow":["GET"]}}],"collection":[{"href":"https:\/\/paulaibanez.cl\/intro\/wp-json\/wp\/v2\/pages"}],"about":[{"href":"https:\/\/paulaibanez.cl\/intro\/wp-json\/wp\/v2\/types\/page"}],"author":[{"embeddable":true,"href":"https:\/\/paulaibanez.cl\/intro\/wp-json\/wp\/v2\/users\/2"}],"replies":[{"embeddable":true,"href":"https:\/\/paulaibanez.cl\/intro\/wp-json\/wp\/v2\/comments?post=137"}],"version-history":[{"count":3,"href":"https:\/\/paulaibanez.cl\/intro\/wp-json\/wp\/v2\/pages\/137\/revisions"}],"predecessor-version":[{"id":140,"href":"https:\/\/paulaibanez.cl\/intro\/wp-json\/wp\/v2\/pages\/137\/revisions\/140"}],"wp:attachment":[{"href":"https:\/\/paulaibanez.cl\/intro\/wp-json\/wp\/v2\/media?parent=137"}],"curies":[{"name":"wp","href":"https:\/\/api.w.org\/{rel}","templated":true}]}}