{"id":167,"date":"2016-01-03T17:58:10","date_gmt":"2016-01-03T20:58:10","guid":{"rendered":"https:\/\/paulaibanez.cl\/intro\/?page_id=167"},"modified":"2016-01-03T17:58:10","modified_gmt":"2016-01-03T20:58:10","slug":"coaching-y-neurociencia-en-las-organizaciones","status":"publish","type":"page","link":"https:\/\/paulaibanez.cl\/intro\/coaching-y-neurociencia-en-las-organizaciones\/","title":{"rendered":"Coaching y Neurociencia en las organizaciones"},"content":{"rendered":"<p><a href=\"https:\/\/paulaibanez.cl\/intro\/wp-content\/uploads\/2015\/12\/n-Gruposlogan.jpg\" rel=\"attachment wp-att-128\"><img loading=\"lazy\" decoding=\"async\" class=\"wp-image-128 alignright\" src=\"https:\/\/paulaibanez.cl\/intro\/wp-content\/uploads\/2015\/12\/n-Gruposlogan.jpg\" alt=\"Coaching y Neurociencia en las Organizaciones\" width=\"300\" height=\"193\" \/><\/a>Los cambios y los eventos inesperados son parte de la rutina, hoy en d\u00eda, en las empresas. Los aportes que hicieron algunos modelos de gesti\u00f3n, liderazgo, con formulas orientadas a encontrar las soluciones en el afuera, necesitan replantearse.<\/p>\n<p>La neurociencia, con sus descubrimientos en el funcionamiento cerebral, explica c\u00f3mo decidimos, el efecto del estr\u00e9s y c\u00f3mo las emociones influyen en el desempe\u00f1o laboral. En su conjunto, aporta herramientas para mejorar los resultados de organizaciones, con el desarrollo de los recursos humanos conscientes, en busca de personas m\u00e1s productivas, comprometidas y felices.<\/p>\n<p>El coaching es un proceso de acompa\u00f1amiento tanto individual como grupal que ayuda a que las personas puedan enfrentar los desaf\u00edos coordinadamente para lograr las metas. Coopera en la uni\u00f3n de equipos, manejo de conflictos y en el desarrollo de competencias. As\u00ed las personas puedan llegar al estado deseado en la vida personal como ejecutivas.<\/p>\n","protected":false},"excerpt":{"rendered":"<p>Los cambios y los eventos inesperados son parte de la rutina, hoy en d\u00eda, en las empresas. Los aportes que hicieron algunos modelos de gesti\u00f3n, liderazgo, con formulas orientadas a encontrar las soluciones en el afuera, necesitan replantearse. La neurociencia, con sus descubrimientos en el funcionamiento cerebral, explica c\u00f3mo decidimos, el efecto del estr\u00e9s y [&hellip;]<\/p>\n","protected":false},"author":1,"featured_media":0,"parent":0,"menu_order":0,"comment_status":"closed","ping_status":"closed","template":"","meta":{"footnotes":""},"class_list":["post-167","page","type-page","status-publish","czr-hentry"],"yoast_head":"<!-- This site is optimized with the Yoast SEO plugin v27.4 - https:\/\/yoast.com\/product\/yoast-seo-wordpress\/ -->\n<title>Coaching y Neurociencia en las organizaciones - Paula Iba\u00f1ez<\/title>\n<meta name=\"robots\" content=\"index, follow, max-snippet:-1, max-image-preview:large, max-video-preview:-1\" \/>\n<link rel=\"canonical\" href=\"https:\/\/paulaibanez.cl\/intro\/coaching-y-neurociencia-en-las-organizaciones\/\" \/>\n<meta property=\"og:locale\" content=\"es_ES\" \/>\n<meta property=\"og:type\" content=\"article\" \/>\n<meta property=\"og:title\" content=\"Coaching y Neurociencia en las organizaciones - Paula Iba\u00f1ez\" \/>\n<meta property=\"og:description\" content=\"Los cambios y los eventos inesperados son parte de la rutina, hoy en d\u00eda, en las empresas. Los aportes que hicieron algunos modelos de gesti\u00f3n, liderazgo, con formulas orientadas a encontrar las soluciones en el afuera, necesitan replantearse. La neurociencia, con sus descubrimientos en el funcionamiento cerebral, explica c\u00f3mo decidimos, el efecto del estr\u00e9s y [&hellip;]\" \/>\n<meta property=\"og:url\" content=\"https:\/\/paulaibanez.cl\/intro\/coaching-y-neurociencia-en-las-organizaciones\/\" \/>\n<meta property=\"og:site_name\" content=\"Paula Iba\u00f1ez\" \/>\n<meta property=\"og:image\" content=\"https:\/\/paulaibanez.cl\/intro\/wp-content\/uploads\/2015\/12\/n-Gruposlogan.jpg\" \/>\n<meta name=\"twitter:card\" content=\"summary_large_image\" \/>\n<meta name=\"twitter:label1\" content=\"Tiempo de lectura\" \/>\n\t<meta name=\"twitter:data1\" content=\"1 minuto\" \/>\n<script type=\"application\/ld+json\" class=\"yoast-schema-graph\">{\"@context\":\"https:\\\/\\\/schema.org\",\"@graph\":[{\"@type\":\"WebPage\",\"@id\":\"https:\\\/\\\/paulaibanez.cl\\\/intro\\\/coaching-y-neurociencia-en-las-organizaciones\\\/\",\"url\":\"https:\\\/\\\/paulaibanez.cl\\\/intro\\\/coaching-y-neurociencia-en-las-organizaciones\\\/\",\"name\":\"Coaching y Neurociencia en las organizaciones - Paula Iba\u00f1ez\",\"isPartOf\":{\"@id\":\"https:\\\/\\\/paulaibanez.cl\\\/intro\\\/#website\"},\"primaryImageOfPage\":{\"@id\":\"https:\\\/\\\/paulaibanez.cl\\\/intro\\\/coaching-y-neurociencia-en-las-organizaciones\\\/#primaryimage\"},\"image\":{\"@id\":\"https:\\\/\\\/paulaibanez.cl\\\/intro\\\/coaching-y-neurociencia-en-las-organizaciones\\\/#primaryimage\"},\"thumbnailUrl\":\"https:\\\/\\\/paulaibanez.cl\\\/intro\\\/wp-content\\\/uploads\\\/2015\\\/12\\\/n-Gruposlogan.jpg\",\"datePublished\":\"2016-01-03T20:58:10+00:00\",\"breadcrumb\":{\"@id\":\"https:\\\/\\\/paulaibanez.cl\\\/intro\\\/coaching-y-neurociencia-en-las-organizaciones\\\/#breadcrumb\"},\"inLanguage\":\"es\",\"potentialAction\":[{\"@type\":\"ReadAction\",\"target\":[\"https:\\\/\\\/paulaibanez.cl\\\/intro\\\/coaching-y-neurociencia-en-las-organizaciones\\\/\"]}]},{\"@type\":\"ImageObject\",\"inLanguage\":\"es\",\"@id\":\"https:\\\/\\\/paulaibanez.cl\\\/intro\\\/coaching-y-neurociencia-en-las-organizaciones\\\/#primaryimage\",\"url\":\"https:\\\/\\\/paulaibanez.cl\\\/intro\\\/wp-content\\\/uploads\\\/2015\\\/12\\\/n-Gruposlogan.jpg\",\"contentUrl\":\"https:\\\/\\\/paulaibanez.cl\\\/intro\\\/wp-content\\\/uploads\\\/2015\\\/12\\\/n-Gruposlogan.jpg\",\"width\":623,\"height\":400},{\"@type\":\"BreadcrumbList\",\"@id\":\"https:\\\/\\\/paulaibanez.cl\\\/intro\\\/coaching-y-neurociencia-en-las-organizaciones\\\/#breadcrumb\",\"itemListElement\":[{\"@type\":\"ListItem\",\"position\":1,\"name\":\"Portada\",\"item\":\"https:\\\/\\\/paulaibanez.cl\\\/intro\\\/\"},{\"@type\":\"ListItem\",\"position\":2,\"name\":\"Coaching y Neurociencia en las organizaciones\"}]},{\"@type\":\"WebSite\",\"@id\":\"https:\\\/\\\/paulaibanez.cl\\\/intro\\\/#website\",\"url\":\"https:\\\/\\\/paulaibanez.cl\\\/intro\\\/\",\"name\":\"Paula Iba\u00f1ez\",\"description\":\"Coaching y Neurociencia en las Organizaciones\",\"potentialAction\":[{\"@type\":\"SearchAction\",\"target\":{\"@type\":\"EntryPoint\",\"urlTemplate\":\"https:\\\/\\\/paulaibanez.cl\\\/intro\\\/?s={search_term_string}\"},\"query-input\":{\"@type\":\"PropertyValueSpecification\",\"valueRequired\":true,\"valueName\":\"search_term_string\"}}],\"inLanguage\":\"es\"}]}<\/script>\n<!-- \/ Yoast SEO plugin. -->","yoast_head_json":{"title":"Coaching y Neurociencia en las organizaciones - Paula Iba\u00f1ez","robots":{"index":"index","follow":"follow","max-snippet":"max-snippet:-1","max-image-preview":"max-image-preview:large","max-video-preview":"max-video-preview:-1"},"canonical":"https:\/\/paulaibanez.cl\/intro\/coaching-y-neurociencia-en-las-organizaciones\/","og_locale":"es_ES","og_type":"article","og_title":"Coaching y Neurociencia en las organizaciones - Paula Iba\u00f1ez","og_description":"Los cambios y los eventos inesperados son parte de la rutina, hoy en d\u00eda, en las empresas. Los aportes que hicieron algunos modelos de gesti\u00f3n, liderazgo, con formulas orientadas a encontrar las soluciones en el afuera, necesitan replantearse. La neurociencia, con sus descubrimientos en el funcionamiento cerebral, explica c\u00f3mo decidimos, el efecto del estr\u00e9s y [&hellip;]","og_url":"https:\/\/paulaibanez.cl\/intro\/coaching-y-neurociencia-en-las-organizaciones\/","og_site_name":"Paula Iba\u00f1ez","og_image":[{"url":"https:\/\/paulaibanez.cl\/intro\/wp-content\/uploads\/2015\/12\/n-Gruposlogan.jpg","type":"","width":"","height":""}],"twitter_card":"summary_large_image","twitter_misc":{"Tiempo de lectura":"1 minuto"},"schema":{"@context":"https:\/\/schema.org","@graph":[{"@type":"WebPage","@id":"https:\/\/paulaibanez.cl\/intro\/coaching-y-neurociencia-en-las-organizaciones\/","url":"https:\/\/paulaibanez.cl\/intro\/coaching-y-neurociencia-en-las-organizaciones\/","name":"Coaching y Neurociencia en las organizaciones - Paula Iba\u00f1ez","isPartOf":{"@id":"https:\/\/paulaibanez.cl\/intro\/#website"},"primaryImageOfPage":{"@id":"https:\/\/paulaibanez.cl\/intro\/coaching-y-neurociencia-en-las-organizaciones\/#primaryimage"},"image":{"@id":"https:\/\/paulaibanez.cl\/intro\/coaching-y-neurociencia-en-las-organizaciones\/#primaryimage"},"thumbnailUrl":"https:\/\/paulaibanez.cl\/intro\/wp-content\/uploads\/2015\/12\/n-Gruposlogan.jpg","datePublished":"2016-01-03T20:58:10+00:00","breadcrumb":{"@id":"https:\/\/paulaibanez.cl\/intro\/coaching-y-neurociencia-en-las-organizaciones\/#breadcrumb"},"inLanguage":"es","potentialAction":[{"@type":"ReadAction","target":["https:\/\/paulaibanez.cl\/intro\/coaching-y-neurociencia-en-las-organizaciones\/"]}]},{"@type":"ImageObject","inLanguage":"es","@id":"https:\/\/paulaibanez.cl\/intro\/coaching-y-neurociencia-en-las-organizaciones\/#primaryimage","url":"https:\/\/paulaibanez.cl\/intro\/wp-content\/uploads\/2015\/12\/n-Gruposlogan.jpg","contentUrl":"https:\/\/paulaibanez.cl\/intro\/wp-content\/uploads\/2015\/12\/n-Gruposlogan.jpg","width":623,"height":400},{"@type":"BreadcrumbList","@id":"https:\/\/paulaibanez.cl\/intro\/coaching-y-neurociencia-en-las-organizaciones\/#breadcrumb","itemListElement":[{"@type":"ListItem","position":1,"name":"Portada","item":"https:\/\/paulaibanez.cl\/intro\/"},{"@type":"ListItem","position":2,"name":"Coaching y Neurociencia en las organizaciones"}]},{"@type":"WebSite","@id":"https:\/\/paulaibanez.cl\/intro\/#website","url":"https:\/\/paulaibanez.cl\/intro\/","name":"Paula Iba\u00f1ez","description":"Coaching y Neurociencia en las Organizaciones","potentialAction":[{"@type":"SearchAction","target":{"@type":"EntryPoint","urlTemplate":"https:\/\/paulaibanez.cl\/intro\/?s={search_term_string}"},"query-input":{"@type":"PropertyValueSpecification","valueRequired":true,"valueName":"search_term_string"}}],"inLanguage":"es"}]}},"_links":{"self":[{"href":"https:\/\/paulaibanez.cl\/intro\/wp-json\/wp\/v2\/pages\/167","targetHints":{"allow":["GET"]}}],"collection":[{"href":"https:\/\/paulaibanez.cl\/intro\/wp-json\/wp\/v2\/pages"}],"about":[{"href":"https:\/\/paulaibanez.cl\/intro\/wp-json\/wp\/v2\/types\/page"}],"author":[{"embeddable":true,"href":"https:\/\/paulaibanez.cl\/intro\/wp-json\/wp\/v2\/users\/1"}],"replies":[{"embeddable":true,"href":"https:\/\/paulaibanez.cl\/intro\/wp-json\/wp\/v2\/comments?post=167"}],"version-history":[{"count":1,"href":"https:\/\/paulaibanez.cl\/intro\/wp-json\/wp\/v2\/pages\/167\/revisions"}],"predecessor-version":[{"id":168,"href":"https:\/\/paulaibanez.cl\/intro\/wp-json\/wp\/v2\/pages\/167\/revisions\/168"}],"wp:attachment":[{"href":"https:\/\/paulaibanez.cl\/intro\/wp-json\/wp\/v2\/media?parent=167"}],"curies":[{"name":"wp","href":"https:\/\/api.w.org\/{rel}","templated":true}]}}