{"id":2,"date":"2015-12-12T11:55:36","date_gmt":"2015-12-12T11:55:36","guid":{"rendered":"https:\/\/paulaibanez.cl\/intro\/?page_id=2"},"modified":"2017-05-12T19:13:30","modified_gmt":"2017-05-12T23:13:30","slug":"pagina-ejemplo","status":"publish","type":"page","link":"https:\/\/paulaibanez.cl\/intro\/pagina-ejemplo\/","title":{"rendered":"Qui\u00e9n Soy"},"content":{"rendered":"<p><strong><a href=\"https:\/\/paulaibanez.cl\/intro\/wp-content\/uploads\/2015\/12\/yocv.jpg\" rel=\"attachment wp-att-73\"><img loading=\"lazy\" decoding=\"async\" class=\"size-medium wp-image-73 alignright\" src=\"https:\/\/paulaibanez.cl\/intro\/wp-content\/uploads\/2015\/12\/yocv-300x274.jpg\" alt=\"Paula Iba\u00f1ez\" width=\"300\" height=\"274\" srcset=\"https:\/\/paulaibanez.cl\/intro\/wp-content\/uploads\/2015\/12\/yocv-300x274.jpg 300w, https:\/\/paulaibanez.cl\/intro\/wp-content\/uploads\/2015\/12\/yocv-768x702.jpg 768w, https:\/\/paulaibanez.cl\/intro\/wp-content\/uploads\/2015\/12\/yocv-1024x937.jpg 1024w\" sizes=\"auto, (max-width: 300px) 100vw, 300px\" \/><\/a>Paula Iba\u00f1ez Castro<\/strong><\/p>\n<p style=\"padding-left: 30px;\"><em>Coach certificada ICC<\/em><\/p>\n<p style=\"padding-left: 30px;\"><em>Outdoor Team Coach<\/em><\/p>\n<p style=\"padding-left: 30px;\"><em>Miembro de la Asociaci\u00f3n de Coach Latam<\/em><\/p>\n<p style=\"padding-left: 30px;\"><em>Brain Fitness<\/em><\/p>\n<p style=\"padding-left: 30px;\"><em>Siconeuroentrenadora<\/em><\/p>\n<p style=\"padding-left: 30px;\"><em>Diplomada en Gesti\u00f3n de Empresas, Neuromarketing, Neuroventas, Neuromanagement y Neuroliderazgo<\/em><\/p>\n<p style=\"padding-left: 30px;\"><em>Master en Marketing Digital<\/em> (en curso)<\/p>\n<p style=\"padding-left: 30px;\"><em>Escritora, Conferencista Internacional, Docente<\/em><\/p>\n<p style=\"padding-left: 30px;\"><em>Directora Productos Armonypet<\/em><\/p>\n<p><em>\u00a0<\/em><\/p>\n<p><em>Desarrollo, Facilito Talleres y Programas de Implementaci\u00f3n de herramientas de Neuromanagement, Neuroventas, orientando todas las ultimas investigaciones de Neurociencia cognitiva aplicada a las Organizaciones. Realizo esto en Chile, Argentina, Colombia y online para otros pa\u00edses.<\/em><\/p>\n<p><em>Me estimula trabajar en el desarrollo de recursos humanos conscientes, as\u00ed las personas alcanzan su m\u00e1ximo potencial con equilibrio y bienestar; las empresas obtienen los resultados deseados.<\/em><\/p>\n<p><em>El braingym, aceites esenciales, meditaci\u00f3n, PNL, juegos l\u00fadicos, reflexiones, son herramientas que utilizo en mis talleres<\/em><\/p>\n<p><strong>\u00a0<\/strong><\/p>\n<p><strong>Estudios<\/strong><\/p>\n<ul>\n<li>Master en Marketing Digital Adveischool, Espa\u00f1a (cursando) 2017<\/li>\n<li>Outdoor Team Coach certificada. Mindfulness Quest. 2015 Argentina-Estados Unidos<\/li>\n<li>Diplomada en Neuroventas. Braidot Centre. 2015 Argentina.<\/li>\n<li>Asociaci\u00f3n Educar. 2015.<\/li>\n<li>Coach certificada ICC. 2015. Inglaterra-Argentina<\/li>\n<li>Brain Fitness. Universidad Rey Juan Carlos. 2014. Espa\u00f1a.<\/li>\n<li>Diplomada en Neuroliderazgo y Neuromanagement. Braidot Centre. 2014. Argentina<\/li>\n<li>Diplomado en Neuromarketing. UNP. Braidot Centre. 2013 Argentina.<\/li>\n<li>Diplomado en Aromaterapia Cient\u00edfica Osmanthus\u00a0 2011, reconocido por la IFA. Chile<\/li>\n<li>Diplomado de Aromaterapia en la Siquis de Osmanthus 2011. Chile.<\/li>\n<li>Gemoterapeuta 2011. Argentina.<\/li>\n<li>Terapista\u00a0 de Flores de Bach 2009, de la Fundaci\u00f3n Bach. Chile.<\/li>\n<li>Diplomado Gesti\u00f3n de empresas\u00a0 de la Universidad de Chile 1999.<\/li>\n<li>Medico Veterinario de la Universidad de Chile 1997.<\/li>\n<\/ul>\n<p><strong>Algunos de mis sue\u00f1os cumplidos<\/strong><\/p>\n<ul>\n<li>Participante como asistente a distintos congresos en Chile y en el extranjero.<\/li>\n<li>Due\u00f1a de mi propia empresa de servicios y venta de productos por 15 a\u00f1os<\/li>\n<li>Creadora de l\u00ednea Armonypet (Aromaterapia para mascotas, se distribuye a lo largo de chile desde 2010).<\/li>\n<li>Panelista en Radio Agricultura Programa de Eli de Caso desde 2005.<\/li>\n<li>Presentaci\u00f3n diversos trabajos cient\u00edficos en congresos en Chile y el extranjero, como Fiavac, Intermedica, Laveccs, entre otros.<\/li>\n<li>Ha escrito art\u00edculos sobre uso de aceites esenciales en revistas cient\u00edficas y de divulgaci\u00f3n general.<\/li>\n<li>Charlista y Docente en Universidades en Chile y el extranjero, cursos de pre y post grado.<\/li>\n<li>Charlista en Congresos y Talleres en Chile, M\u00e9xico, Argentina y Per\u00fa.<\/li>\n<li>Ponente en el Congreso de Le\u00f3n M\u00e9xico ( Congreso mundial de Medicina Veterinaria, m\u00e1s grande de habla Hispana. 10.000 asistentes)<\/li>\n<li>Ponente Congreso Iberoamericano FIAVAC<\/li>\n<li>Ponente en Veterinariosenweb.<\/li>\n<li>Profesora gu\u00eda de tesis con alumnos de pregrado con Universidades en Chile.<\/li>\n<li>Investigador Independiente.<\/li>\n<li>Escritora del libro \u201cAromaterapia para mascotas\u201d. Editorial Catatonia. 2012<\/li>\n<li>Pasada en centro de atenci\u00f3n en DF M\u00e9xico, 2012.<\/li>\n<li>Directora del Diplomado de Terapias Naturales desde la primera versi\u00f3n. Chile y Argentina<\/li>\n<li>Creadora de la l\u00ednea Armony H ( L\u00ednea de Aromaterapia para Humanos).<\/li>\n<li>Estudios de Reiki, Astrolog\u00eda, Diosas; Theta Healing, Emf Balancing. Chile y Argentina.<\/li>\n<li>Pr\u00e1ctica privada.<\/li>\n<li>Coach intuitivo de vida y para ejecutivos.<\/li>\n<li>Creadora de Odotipos, ( Aromas caracter\u00edstico para empresas o tiendas comerciales)<\/li>\n<li>Experiencia en empresas de franquicias<\/li>\n<li>Amante de la vida libre y el deporte ha corrido varias Maratones en distintas partes del mundo y carreras de Triatl\u00f3n.<\/li>\n<li>Manejo fluido del ingl\u00e9s, escrito y hablado.<\/li>\n<li>Hija, mam\u00e1 y esposa.<\/li>\n<\/ul>\n","protected":false},"excerpt":{"rendered":"<p>Paula Iba\u00f1ez Castro Coach certificada ICC Outdoor Team Coach Miembro de la Asociaci\u00f3n de Coach Latam Brain Fitness Siconeuroentrenadora Diplomada en Gesti\u00f3n de Empresas, Neuromarketing, Neuroventas, Neuromanagement y Neuroliderazgo Master en Marketing Digital (en curso) Escritora, Conferencista Internacional, Docente Directora Productos Armonypet \u00a0 Desarrollo, Facilito Talleres y Programas de Implementaci\u00f3n de herramientas de Neuromanagement, Neuroventas, [&hellip;]<\/p>\n","protected":false},"author":1,"featured_media":0,"parent":0,"menu_order":0,"comment_status":"open","ping_status":"open","template":"","meta":{"footnotes":""},"class_list":["post-2","page","type-page","status-publish","czr-hentry"],"yoast_head":"<!-- This site is optimized with the Yoast SEO plugin v27.4 - https:\/\/yoast.com\/product\/yoast-seo-wordpress\/ -->\n<title>Qui\u00e9n Soy - Paula Iba\u00f1ez<\/title>\n<meta name=\"robots\" content=\"index, follow, max-snippet:-1, max-image-preview:large, max-video-preview:-1\" \/>\n<link rel=\"canonical\" href=\"https:\/\/paulaibanez.cl\/intro\/pagina-ejemplo\/\" \/>\n<meta property=\"og:locale\" content=\"es_ES\" \/>\n<meta property=\"og:type\" content=\"article\" \/>\n<meta property=\"og:title\" content=\"Qui\u00e9n Soy - Paula Iba\u00f1ez\" \/>\n<meta property=\"og:description\" content=\"Paula Iba\u00f1ez Castro Coach certificada ICC Outdoor Team Coach Miembro de la Asociaci\u00f3n de Coach Latam Brain Fitness Siconeuroentrenadora Diplomada en Gesti\u00f3n de Empresas, Neuromarketing, Neuroventas, Neuromanagement y Neuroliderazgo Master en Marketing Digital (en curso) Escritora, Conferencista Internacional, Docente Directora Productos Armonypet \u00a0 Desarrollo, Facilito Talleres y Programas de Implementaci\u00f3n de herramientas de Neuromanagement, Neuroventas, [&hellip;]\" \/>\n<meta property=\"og:url\" content=\"https:\/\/paulaibanez.cl\/intro\/pagina-ejemplo\/\" \/>\n<meta property=\"og:site_name\" content=\"Paula Iba\u00f1ez\" \/>\n<meta property=\"article:modified_time\" content=\"2017-05-12T23:13:30+00:00\" \/>\n<meta property=\"og:image\" content=\"https:\/\/paulaibanez.cl\/intro\/wp-content\/uploads\/2015\/12\/yocv-300x274.jpg\" \/>\n<meta name=\"twitter:card\" content=\"summary_large_image\" \/>\n<meta name=\"twitter:label1\" content=\"Tiempo de lectura\" \/>\n\t<meta name=\"twitter:data1\" content=\"3 minutos\" \/>\n<script type=\"application\/ld+json\" class=\"yoast-schema-graph\">{\"@context\":\"https:\\\/\\\/schema.org\",\"@graph\":[{\"@type\":\"WebPage\",\"@id\":\"https:\\\/\\\/paulaibanez.cl\\\/intro\\\/pagina-ejemplo\\\/\",\"url\":\"https:\\\/\\\/paulaibanez.cl\\\/intro\\\/pagina-ejemplo\\\/\",\"name\":\"Qui\u00e9n Soy - Paula Iba\u00f1ez\",\"isPartOf\":{\"@id\":\"https:\\\/\\\/paulaibanez.cl\\\/intro\\\/#website\"},\"primaryImageOfPage\":{\"@id\":\"https:\\\/\\\/paulaibanez.cl\\\/intro\\\/pagina-ejemplo\\\/#primaryimage\"},\"image\":{\"@id\":\"https:\\\/\\\/paulaibanez.cl\\\/intro\\\/pagina-ejemplo\\\/#primaryimage\"},\"thumbnailUrl\":\"https:\\\/\\\/paulaibanez.cl\\\/intro\\\/wp-content\\\/uploads\\\/2015\\\/12\\\/yocv-300x274.jpg\",\"datePublished\":\"2015-12-12T11:55:36+00:00\",\"dateModified\":\"2017-05-12T23:13:30+00:00\",\"breadcrumb\":{\"@id\":\"https:\\\/\\\/paulaibanez.cl\\\/intro\\\/pagina-ejemplo\\\/#breadcrumb\"},\"inLanguage\":\"es\",\"potentialAction\":[{\"@type\":\"ReadAction\",\"target\":[\"https:\\\/\\\/paulaibanez.cl\\\/intro\\\/pagina-ejemplo\\\/\"]}]},{\"@type\":\"ImageObject\",\"inLanguage\":\"es\",\"@id\":\"https:\\\/\\\/paulaibanez.cl\\\/intro\\\/pagina-ejemplo\\\/#primaryimage\",\"url\":\"https:\\\/\\\/paulaibanez.cl\\\/intro\\\/wp-content\\\/uploads\\\/2015\\\/12\\\/yocv.jpg\",\"contentUrl\":\"https:\\\/\\\/paulaibanez.cl\\\/intro\\\/wp-content\\\/uploads\\\/2015\\\/12\\\/yocv.jpg\",\"width\":3174,\"height\":2903},{\"@type\":\"BreadcrumbList\",\"@id\":\"https:\\\/\\\/paulaibanez.cl\\\/intro\\\/pagina-ejemplo\\\/#breadcrumb\",\"itemListElement\":[{\"@type\":\"ListItem\",\"position\":1,\"name\":\"Portada\",\"item\":\"https:\\\/\\\/paulaibanez.cl\\\/intro\\\/\"},{\"@type\":\"ListItem\",\"position\":2,\"name\":\"Qui\u00e9n Soy\"}]},{\"@type\":\"WebSite\",\"@id\":\"https:\\\/\\\/paulaibanez.cl\\\/intro\\\/#website\",\"url\":\"https:\\\/\\\/paulaibanez.cl\\\/intro\\\/\",\"name\":\"Paula Iba\u00f1ez\",\"description\":\"Coaching y Neurociencia en las Organizaciones\",\"potentialAction\":[{\"@type\":\"SearchAction\",\"target\":{\"@type\":\"EntryPoint\",\"urlTemplate\":\"https:\\\/\\\/paulaibanez.cl\\\/intro\\\/?s={search_term_string}\"},\"query-input\":{\"@type\":\"PropertyValueSpecification\",\"valueRequired\":true,\"valueName\":\"search_term_string\"}}],\"inLanguage\":\"es\"}]}<\/script>\n<!-- \/ Yoast SEO plugin. -->","yoast_head_json":{"title":"Qui\u00e9n Soy - Paula Iba\u00f1ez","robots":{"index":"index","follow":"follow","max-snippet":"max-snippet:-1","max-image-preview":"max-image-preview:large","max-video-preview":"max-video-preview:-1"},"canonical":"https:\/\/paulaibanez.cl\/intro\/pagina-ejemplo\/","og_locale":"es_ES","og_type":"article","og_title":"Qui\u00e9n Soy - Paula Iba\u00f1ez","og_description":"Paula Iba\u00f1ez Castro Coach certificada ICC Outdoor Team Coach Miembro de la Asociaci\u00f3n de Coach Latam Brain Fitness Siconeuroentrenadora Diplomada en Gesti\u00f3n de Empresas, Neuromarketing, Neuroventas, Neuromanagement y Neuroliderazgo Master en Marketing Digital (en curso) Escritora, Conferencista Internacional, Docente Directora Productos Armonypet \u00a0 Desarrollo, Facilito Talleres y Programas de Implementaci\u00f3n de herramientas de Neuromanagement, Neuroventas, [&hellip;]","og_url":"https:\/\/paulaibanez.cl\/intro\/pagina-ejemplo\/","og_site_name":"Paula Iba\u00f1ez","article_modified_time":"2017-05-12T23:13:30+00:00","og_image":[{"url":"https:\/\/paulaibanez.cl\/intro\/wp-content\/uploads\/2015\/12\/yocv-300x274.jpg","type":"","width":"","height":""}],"twitter_card":"summary_large_image","twitter_misc":{"Tiempo de lectura":"3 minutos"},"schema":{"@context":"https:\/\/schema.org","@graph":[{"@type":"WebPage","@id":"https:\/\/paulaibanez.cl\/intro\/pagina-ejemplo\/","url":"https:\/\/paulaibanez.cl\/intro\/pagina-ejemplo\/","name":"Qui\u00e9n Soy - Paula Iba\u00f1ez","isPartOf":{"@id":"https:\/\/paulaibanez.cl\/intro\/#website"},"primaryImageOfPage":{"@id":"https:\/\/paulaibanez.cl\/intro\/pagina-ejemplo\/#primaryimage"},"image":{"@id":"https:\/\/paulaibanez.cl\/intro\/pagina-ejemplo\/#primaryimage"},"thumbnailUrl":"https:\/\/paulaibanez.cl\/intro\/wp-content\/uploads\/2015\/12\/yocv-300x274.jpg","datePublished":"2015-12-12T11:55:36+00:00","dateModified":"2017-05-12T23:13:30+00:00","breadcrumb":{"@id":"https:\/\/paulaibanez.cl\/intro\/pagina-ejemplo\/#breadcrumb"},"inLanguage":"es","potentialAction":[{"@type":"ReadAction","target":["https:\/\/paulaibanez.cl\/intro\/pagina-ejemplo\/"]}]},{"@type":"ImageObject","inLanguage":"es","@id":"https:\/\/paulaibanez.cl\/intro\/pagina-ejemplo\/#primaryimage","url":"https:\/\/paulaibanez.cl\/intro\/wp-content\/uploads\/2015\/12\/yocv.jpg","contentUrl":"https:\/\/paulaibanez.cl\/intro\/wp-content\/uploads\/2015\/12\/yocv.jpg","width":3174,"height":2903},{"@type":"BreadcrumbList","@id":"https:\/\/paulaibanez.cl\/intro\/pagina-ejemplo\/#breadcrumb","itemListElement":[{"@type":"ListItem","position":1,"name":"Portada","item":"https:\/\/paulaibanez.cl\/intro\/"},{"@type":"ListItem","position":2,"name":"Qui\u00e9n Soy"}]},{"@type":"WebSite","@id":"https:\/\/paulaibanez.cl\/intro\/#website","url":"https:\/\/paulaibanez.cl\/intro\/","name":"Paula Iba\u00f1ez","description":"Coaching y Neurociencia en las Organizaciones","potentialAction":[{"@type":"SearchAction","target":{"@type":"EntryPoint","urlTemplate":"https:\/\/paulaibanez.cl\/intro\/?s={search_term_string}"},"query-input":{"@type":"PropertyValueSpecification","valueRequired":true,"valueName":"search_term_string"}}],"inLanguage":"es"}]}},"_links":{"self":[{"href":"https:\/\/paulaibanez.cl\/intro\/wp-json\/wp\/v2\/pages\/2","targetHints":{"allow":["GET"]}}],"collection":[{"href":"https:\/\/paulaibanez.cl\/intro\/wp-json\/wp\/v2\/pages"}],"about":[{"href":"https:\/\/paulaibanez.cl\/intro\/wp-json\/wp\/v2\/types\/page"}],"author":[{"embeddable":true,"href":"https:\/\/paulaibanez.cl\/intro\/wp-json\/wp\/v2\/users\/1"}],"replies":[{"embeddable":true,"href":"https:\/\/paulaibanez.cl\/intro\/wp-json\/wp\/v2\/comments?post=2"}],"version-history":[{"count":7,"href":"https:\/\/paulaibanez.cl\/intro\/wp-json\/wp\/v2\/pages\/2\/revisions"}],"predecessor-version":[{"id":251,"href":"https:\/\/paulaibanez.cl\/intro\/wp-json\/wp\/v2\/pages\/2\/revisions\/251"}],"wp:attachment":[{"href":"https:\/\/paulaibanez.cl\/intro\/wp-json\/wp\/v2\/media?parent=2"}],"curies":[{"name":"wp","href":"https:\/\/api.w.org\/{rel}","templated":true}]}}