{"id":272,"date":"2017-08-25T19:06:19","date_gmt":"2017-08-25T23:06:19","guid":{"rendered":"https:\/\/paulaibanez.cl\/intro\/?page_id=272"},"modified":"2017-08-31T14:39:42","modified_gmt":"2017-08-31T18:39:42","slug":"nueroliderazgo","status":"publish","type":"page","link":"https:\/\/paulaibanez.cl\/intro\/nueroliderazgo\/","title":{"rendered":"Neuroliderazgo &#8211; Curso"},"content":{"rendered":"<p><a href=\"https:\/\/paulaibanez.cl\/intro\/wp-content\/uploads\/2017\/08\/neuroliderazgo.jpg\"><img loading=\"lazy\" decoding=\"async\" class=\"size-medium wp-image-273 alignright\" src=\"https:\/\/paulaibanez.cl\/intro\/wp-content\/uploads\/2017\/08\/neuroliderazgo-300x133.jpg\" alt=\"neuroliderazgo\" width=\"300\" height=\"133\" srcset=\"https:\/\/paulaibanez.cl\/intro\/wp-content\/uploads\/2017\/08\/neuroliderazgo-300x133.jpg 300w, https:\/\/paulaibanez.cl\/intro\/wp-content\/uploads\/2017\/08\/neuroliderazgo-768x339.jpg 768w, https:\/\/paulaibanez.cl\/intro\/wp-content\/uploads\/2017\/08\/neuroliderazgo-1024x453.jpg 1024w, https:\/\/paulaibanez.cl\/intro\/wp-content\/uploads\/2017\/08\/neuroliderazgo.jpg 1206w\" sizes=\"auto, (max-width: 300px) 100vw, 300px\" \/><\/a><\/p>\n<h3>Introducci\u00f3n<\/h3>\n<p>Todo l\u00edder debe crear contextos laborales que\u00a0brinden seguridad, desaf\u00edos y est\u00edmulos para\u00a0lograr los objetivos y tareas que deben\u00a0realizarse diariamente en la organizaci\u00f3n.<\/p>\n<p>Para tener un buen desempe\u00f1o es\u00a0fundamental responder r\u00e1pida yadecuadamente a las adversidades, que<br \/>\ngestione sus emociones y que est\u00e9 atento a las\u00a0situaciones que le pueden producir estr\u00e9s. Los<br \/>\nproblemas se resuelven de mejor manera si se\u00a0est\u00e1 relajado y de buen humor.<\/p>\n<p>La neurociencia con su contribuci\u00f3n en el\u00a0conocimiento del funcionamiento cerebral,\u00a0explica c\u00f3mo toman las decisiones los seres humanos, aporta herramientas para poder\u00a0modelar, orientar y entender a las personas.<br \/>\nAs\u00ed, adoptar medidas optimas que favorezcan a\u00a0las organizaciones y a la felicidad laboral.<\/p>\n<p>Es importante conocer Neurotips que puedan\u00a0ser empleados en la cotidianidad profesional,\u00a0para influir positivamente en los equipos,\u00a0mejorando la comunicaci\u00f3n, motivaci\u00f3n,\u00a0creatividad e innovaci\u00f3n.<\/p>\n<h3>Dirigido a<\/h3>\n<p>Directivos, gerentes, ejecutivos, docentes del\u00a0\u00e1rea, profesionales del sector de recursos humanos y de la administraci\u00f3n, aquel que\u00a0desee incorporar nuevas herramientas en la\u00a0empresa y vida personal, para realizar mejoras.<\/p>\n<h3>Objetivo<\/h3>\n<p>Al termino de este curso los asistentes podr\u00e1n\u00a0entender y utilizar herramientas basadas en la\u00a0neurociencia aplicada, que le permitan liderar\u00a0personas de manera m\u00e1s eficiente y efectiva.<\/p>\n<h3>Beneficios Para ti y tu Empresa<\/h3>\n<ul>\n<li>Personas m\u00e1s motivadas incrementan su KPI<\/li>\n<li>Liderazgo eficiente<\/li>\n<li>Neurotips aplicables a la cotidianidad laboral<\/li>\n<li>Mejora en la prevenci\u00f3n y gesti\u00f3n de conflictos<\/li>\n<li>Networking con profesionales del \u00e1rea<\/li>\n<\/ul>\n<h3>Material de Apoyo<\/h3>\n<p>Los participantes recibir\u00e1n individualmente la informaci\u00f3n y\u00a0documentos necesarios para el<br \/>\nseguimiento del curso.<\/p>\n<h3>Certificaci\u00f3n<\/h3>\n<p>El participante recibir\u00e1 un\u00a0Diploma de participaci\u00f3n de\u00a0C\u00e1mara Chileno-Alemana de<br \/>\nComercio e Industria.<\/p>\n<h3>Contenido:<\/h3>\n<p><strong>Caja negra de 3 compartimientos conectados<\/strong><br \/>\n-La neurociencia y su contribuci\u00f3n a las organizaciones.<br \/>\n-La toma de decisiones: herramientas para modelar, orientar y entender a las personas.<br \/>\n-Mol\u00e9culas que definen h\u00e1bitos y comportamientos.<br \/>\n-Mindset para vivir la ca\u00f3tica realidad.<\/p>\n<p><strong>El l\u00edder:<\/strong><br \/>\n-El estr\u00e9s cr\u00f3nico y sus consecuencias.<br \/>\n-C\u00f3mo afectan las emociones.<br \/>\n-La resiliencia del l\u00edder: un don necesario.<br \/>\n-Neurotips para gestionar estr\u00e9s, emociones y desarrollar resiliencia<\/p>\n<p><strong>Los otros: al arte de comunicar para liderar<\/strong><br \/>\n-El cerebro social.<br \/>\n-Infoxicaci\u00f3n y sus efectos en las funciones ejecutivas.<br \/>\n-Equipos motivados y efectivos.<br \/>\n-Creatividad e innovaci\u00f3n.<br \/>\n-Neurotips para comunicar, preguntar, dar feedback y motivar.<\/p>\n<p>&nbsp;<\/p>\n<h3>Paula Iba\u00f1ez C.<\/h3>\n<p>Profesional con experiencia en el desarrollo de capital humano.<br \/>\nCoach Certificado ICC, Master en Marketing Digital, Diplomada en Neuromanagement y Neuroliderazgo, Neuroventas, Neuromarketing, Brainfitness, Siconeuroentrenadora<\/p>\n<p>&nbsp;<\/p>\n<p><strong>Valor:<\/strong><\/p>\n<p><span id=\"yui_3_16_0_ym19_1_1503692741049_9005\">$190.000; Socios CAMCHAL: $160.000<\/span><\/p>\n<p><span id=\"yui_3_16_0_ym19_1_1503692741049_9005\">Incluye:\u00a0<\/span>Material did\u00e1ctico, coffee break, almuerzo, certificado de participaci\u00f3n y diploma.<\/p>\n<p><strong><span id=\"yui_3_16_0_ym19_1_1503692741049_9202\">Inscripcion e\u00a0<span id=\"yui_3_16_0_ym19_1_1503692741049_9201\">informaci\u00f3n<\/span><span id=\"yui_3_16_0_ym19_1_1503692741049_9218\">\u00a0a:<\/span><\/span><\/strong><\/p>\n<p id=\"yui_3_16_0_ym19_1_1503692741049_9012\" class=\"yiv5864254954MsoNormal\">capacitacion@camchal.cl,\u00a0Tel: 56-2-203 5320 anexo 69<\/p>\n<p><a href=\"https:\/\/paulaibanez.cl\/intro\/wp-content\/uploads\/2017\/08\/cacmcha.jpg\"><img loading=\"lazy\" decoding=\"async\" class=\"alignnone size-full wp-image-274\" src=\"https:\/\/paulaibanez.cl\/intro\/wp-content\/uploads\/2017\/08\/cacmcha.jpg\" alt=\"cacmcha\" width=\"287\" height=\"68\" \/><\/a><\/p>\n<p>&nbsp;<\/p>\n<p>&nbsp;<\/p>\n<p>&nbsp;<\/p>\n","protected":false},"excerpt":{"rendered":"<p>Introducci\u00f3n Todo l\u00edder debe crear contextos laborales que\u00a0brinden seguridad, desaf\u00edos y est\u00edmulos para\u00a0lograr los objetivos y tareas que deben\u00a0realizarse diariamente en la organizaci\u00f3n. Para tener un buen desempe\u00f1o es\u00a0fundamental responder r\u00e1pida yadecuadamente a las adversidades, que gestione sus emociones y que est\u00e9 atento a las\u00a0situaciones que le pueden producir estr\u00e9s. Los problemas se resuelven de [&hellip;]<\/p>\n","protected":false},"author":2,"featured_media":273,"parent":0,"menu_order":0,"comment_status":"closed","ping_status":"closed","template":"","meta":{"footnotes":""},"class_list":["post-272","page","type-page","status-publish","has-post-thumbnail","czr-hentry"],"yoast_head":"<!-- This site is optimized with the Yoast SEO plugin v27.4 - https:\/\/yoast.com\/product\/yoast-seo-wordpress\/ -->\n<title>Neuroliderazgo - Curso - Paula Iba\u00f1ez<\/title>\n<meta name=\"robots\" content=\"index, follow, max-snippet:-1, max-image-preview:large, max-video-preview:-1\" \/>\n<link rel=\"canonical\" href=\"https:\/\/paulaibanez.cl\/intro\/nueroliderazgo\/\" \/>\n<meta property=\"og:locale\" content=\"es_ES\" \/>\n<meta property=\"og:type\" content=\"article\" \/>\n<meta property=\"og:title\" content=\"Neuroliderazgo - Curso - Paula Iba\u00f1ez\" \/>\n<meta property=\"og:description\" content=\"Introducci\u00f3n Todo l\u00edder debe crear contextos laborales que\u00a0brinden seguridad, desaf\u00edos y est\u00edmulos para\u00a0lograr los objetivos y tareas que deben\u00a0realizarse diariamente en la organizaci\u00f3n. Para tener un buen desempe\u00f1o es\u00a0fundamental responder r\u00e1pida yadecuadamente a las adversidades, que gestione sus emociones y que est\u00e9 atento a las\u00a0situaciones que le pueden producir estr\u00e9s. Los problemas se resuelven de [&hellip;]\" \/>\n<meta property=\"og:url\" content=\"https:\/\/paulaibanez.cl\/intro\/nueroliderazgo\/\" \/>\n<meta property=\"og:site_name\" content=\"Paula Iba\u00f1ez\" \/>\n<meta property=\"article:modified_time\" content=\"2017-08-31T18:39:42+00:00\" \/>\n<meta property=\"og:image\" content=\"https:\/\/paulaibanez.cl\/intro\/wp-content\/uploads\/2017\/08\/neuroliderazgo.jpg\" \/>\n\t<meta property=\"og:image:width\" content=\"1206\" \/>\n\t<meta property=\"og:image:height\" content=\"533\" \/>\n\t<meta property=\"og:image:type\" content=\"image\/jpeg\" \/>\n<meta name=\"twitter:card\" content=\"summary_large_image\" \/>\n<meta name=\"twitter:label1\" content=\"Tiempo de lectura\" \/>\n\t<meta name=\"twitter:data1\" content=\"2 minutos\" \/>\n<script type=\"application\/ld+json\" class=\"yoast-schema-graph\">{\"@context\":\"https:\\\/\\\/schema.org\",\"@graph\":[{\"@type\":\"WebPage\",\"@id\":\"https:\\\/\\\/paulaibanez.cl\\\/intro\\\/nueroliderazgo\\\/\",\"url\":\"https:\\\/\\\/paulaibanez.cl\\\/intro\\\/nueroliderazgo\\\/\",\"name\":\"Neuroliderazgo - Curso - Paula Iba\u00f1ez\",\"isPartOf\":{\"@id\":\"https:\\\/\\\/paulaibanez.cl\\\/intro\\\/#website\"},\"primaryImageOfPage\":{\"@id\":\"https:\\\/\\\/paulaibanez.cl\\\/intro\\\/nueroliderazgo\\\/#primaryimage\"},\"image\":{\"@id\":\"https:\\\/\\\/paulaibanez.cl\\\/intro\\\/nueroliderazgo\\\/#primaryimage\"},\"thumbnailUrl\":\"https:\\\/\\\/paulaibanez.cl\\\/intro\\\/wp-content\\\/uploads\\\/2017\\\/08\\\/neuroliderazgo.jpg\",\"datePublished\":\"2017-08-25T23:06:19+00:00\",\"dateModified\":\"2017-08-31T18:39:42+00:00\",\"breadcrumb\":{\"@id\":\"https:\\\/\\\/paulaibanez.cl\\\/intro\\\/nueroliderazgo\\\/#breadcrumb\"},\"inLanguage\":\"es\",\"potentialAction\":[{\"@type\":\"ReadAction\",\"target\":[\"https:\\\/\\\/paulaibanez.cl\\\/intro\\\/nueroliderazgo\\\/\"]}]},{\"@type\":\"ImageObject\",\"inLanguage\":\"es\",\"@id\":\"https:\\\/\\\/paulaibanez.cl\\\/intro\\\/nueroliderazgo\\\/#primaryimage\",\"url\":\"https:\\\/\\\/paulaibanez.cl\\\/intro\\\/wp-content\\\/uploads\\\/2017\\\/08\\\/neuroliderazgo.jpg\",\"contentUrl\":\"https:\\\/\\\/paulaibanez.cl\\\/intro\\\/wp-content\\\/uploads\\\/2017\\\/08\\\/neuroliderazgo.jpg\",\"width\":1206,\"height\":533},{\"@type\":\"BreadcrumbList\",\"@id\":\"https:\\\/\\\/paulaibanez.cl\\\/intro\\\/nueroliderazgo\\\/#breadcrumb\",\"itemListElement\":[{\"@type\":\"ListItem\",\"position\":1,\"name\":\"Portada\",\"item\":\"https:\\\/\\\/paulaibanez.cl\\\/intro\\\/\"},{\"@type\":\"ListItem\",\"position\":2,\"name\":\"Neuroliderazgo &#8211; Curso\"}]},{\"@type\":\"WebSite\",\"@id\":\"https:\\\/\\\/paulaibanez.cl\\\/intro\\\/#website\",\"url\":\"https:\\\/\\\/paulaibanez.cl\\\/intro\\\/\",\"name\":\"Paula Iba\u00f1ez\",\"description\":\"Coaching y Neurociencia en las Organizaciones\",\"potentialAction\":[{\"@type\":\"SearchAction\",\"target\":{\"@type\":\"EntryPoint\",\"urlTemplate\":\"https:\\\/\\\/paulaibanez.cl\\\/intro\\\/?s={search_term_string}\"},\"query-input\":{\"@type\":\"PropertyValueSpecification\",\"valueRequired\":true,\"valueName\":\"search_term_string\"}}],\"inLanguage\":\"es\"}]}<\/script>\n<!-- \/ Yoast SEO plugin. -->","yoast_head_json":{"title":"Neuroliderazgo - Curso - Paula Iba\u00f1ez","robots":{"index":"index","follow":"follow","max-snippet":"max-snippet:-1","max-image-preview":"max-image-preview:large","max-video-preview":"max-video-preview:-1"},"canonical":"https:\/\/paulaibanez.cl\/intro\/nueroliderazgo\/","og_locale":"es_ES","og_type":"article","og_title":"Neuroliderazgo - Curso - Paula Iba\u00f1ez","og_description":"Introducci\u00f3n Todo l\u00edder debe crear contextos laborales que\u00a0brinden seguridad, desaf\u00edos y est\u00edmulos para\u00a0lograr los objetivos y tareas que deben\u00a0realizarse diariamente en la organizaci\u00f3n. Para tener un buen desempe\u00f1o es\u00a0fundamental responder r\u00e1pida yadecuadamente a las adversidades, que gestione sus emociones y que est\u00e9 atento a las\u00a0situaciones que le pueden producir estr\u00e9s. Los problemas se resuelven de [&hellip;]","og_url":"https:\/\/paulaibanez.cl\/intro\/nueroliderazgo\/","og_site_name":"Paula Iba\u00f1ez","article_modified_time":"2017-08-31T18:39:42+00:00","og_image":[{"width":1206,"height":533,"url":"https:\/\/paulaibanez.cl\/intro\/wp-content\/uploads\/2017\/08\/neuroliderazgo.jpg","type":"image\/jpeg"}],"twitter_card":"summary_large_image","twitter_misc":{"Tiempo de lectura":"2 minutos"},"schema":{"@context":"https:\/\/schema.org","@graph":[{"@type":"WebPage","@id":"https:\/\/paulaibanez.cl\/intro\/nueroliderazgo\/","url":"https:\/\/paulaibanez.cl\/intro\/nueroliderazgo\/","name":"Neuroliderazgo - Curso - Paula Iba\u00f1ez","isPartOf":{"@id":"https:\/\/paulaibanez.cl\/intro\/#website"},"primaryImageOfPage":{"@id":"https:\/\/paulaibanez.cl\/intro\/nueroliderazgo\/#primaryimage"},"image":{"@id":"https:\/\/paulaibanez.cl\/intro\/nueroliderazgo\/#primaryimage"},"thumbnailUrl":"https:\/\/paulaibanez.cl\/intro\/wp-content\/uploads\/2017\/08\/neuroliderazgo.jpg","datePublished":"2017-08-25T23:06:19+00:00","dateModified":"2017-08-31T18:39:42+00:00","breadcrumb":{"@id":"https:\/\/paulaibanez.cl\/intro\/nueroliderazgo\/#breadcrumb"},"inLanguage":"es","potentialAction":[{"@type":"ReadAction","target":["https:\/\/paulaibanez.cl\/intro\/nueroliderazgo\/"]}]},{"@type":"ImageObject","inLanguage":"es","@id":"https:\/\/paulaibanez.cl\/intro\/nueroliderazgo\/#primaryimage","url":"https:\/\/paulaibanez.cl\/intro\/wp-content\/uploads\/2017\/08\/neuroliderazgo.jpg","contentUrl":"https:\/\/paulaibanez.cl\/intro\/wp-content\/uploads\/2017\/08\/neuroliderazgo.jpg","width":1206,"height":533},{"@type":"BreadcrumbList","@id":"https:\/\/paulaibanez.cl\/intro\/nueroliderazgo\/#breadcrumb","itemListElement":[{"@type":"ListItem","position":1,"name":"Portada","item":"https:\/\/paulaibanez.cl\/intro\/"},{"@type":"ListItem","position":2,"name":"Neuroliderazgo &#8211; Curso"}]},{"@type":"WebSite","@id":"https:\/\/paulaibanez.cl\/intro\/#website","url":"https:\/\/paulaibanez.cl\/intro\/","name":"Paula Iba\u00f1ez","description":"Coaching y Neurociencia en las Organizaciones","potentialAction":[{"@type":"SearchAction","target":{"@type":"EntryPoint","urlTemplate":"https:\/\/paulaibanez.cl\/intro\/?s={search_term_string}"},"query-input":{"@type":"PropertyValueSpecification","valueRequired":true,"valueName":"search_term_string"}}],"inLanguage":"es"}]}},"_links":{"self":[{"href":"https:\/\/paulaibanez.cl\/intro\/wp-json\/wp\/v2\/pages\/272","targetHints":{"allow":["GET"]}}],"collection":[{"href":"https:\/\/paulaibanez.cl\/intro\/wp-json\/wp\/v2\/pages"}],"about":[{"href":"https:\/\/paulaibanez.cl\/intro\/wp-json\/wp\/v2\/types\/page"}],"author":[{"embeddable":true,"href":"https:\/\/paulaibanez.cl\/intro\/wp-json\/wp\/v2\/users\/2"}],"replies":[{"embeddable":true,"href":"https:\/\/paulaibanez.cl\/intro\/wp-json\/wp\/v2\/comments?post=272"}],"version-history":[{"count":4,"href":"https:\/\/paulaibanez.cl\/intro\/wp-json\/wp\/v2\/pages\/272\/revisions"}],"predecessor-version":[{"id":279,"href":"https:\/\/paulaibanez.cl\/intro\/wp-json\/wp\/v2\/pages\/272\/revisions\/279"}],"wp:featuredmedia":[{"embeddable":true,"href":"https:\/\/paulaibanez.cl\/intro\/wp-json\/wp\/v2\/media\/273"}],"wp:attachment":[{"href":"https:\/\/paulaibanez.cl\/intro\/wp-json\/wp\/v2\/media?parent=272"}],"curies":[{"name":"wp","href":"https:\/\/api.w.org\/{rel}","templated":true}]}}