{"id":3005,"date":"2020-07-03T15:34:08","date_gmt":"2020-07-03T19:34:08","guid":{"rendered":"https:\/\/paulaibanez.cl\/intro\/?page_id=3005"},"modified":"2020-07-03T15:55:04","modified_gmt":"2020-07-03T19:55:04","slug":"atencion-prestarle-atencion","status":"publish","type":"page","link":"https:\/\/paulaibanez.cl\/intro\/atencion-prestarle-atencion\/","title":{"rendered":"Atenci\u00f3n: \u00bfC\u00f3mo prestarle atenci\u00f3n?"},"content":{"rendered":"<p><em><span style=\"color: #333333;\">Atenci\u00f3n es un recurso limitado, decide en que la inviertes diariamente<\/span><\/em><\/p>\n<p style=\"text-align: justify;\">Involucra las\u00a0<strong>funciones superiores de tu cerebro<\/strong>, por eso debes ocuparte en decidir en que la usas, para\u00a0 as\u00ed poder lograr tus objetivos. Hoy te traigo este juego para que aprendas y te diviertas. Si gustas baja inmediatamente y juega o lees previamente estas l\u00edneas que escrib\u00ed para ti.<\/p>\n<p style=\"text-align: justify;\">En otras palabras,\u00a0<strong>\u00bfCu\u00e1ntas horas al d\u00eda inviertes en ocuparte de lo que es realmente importante para ti?<\/strong><\/p>\n<p style=\"text-align: justify;\">Como resultado, podr\u00edas\u00a0<strong>desarrollar las habilidades necesarias<\/strong>\u00a0para seguir avanzando en tu carrera o para\u00a0<strong>mejorar tu comunicaci\u00f3n<\/strong>\u00a0con tu equipo.<\/p>\n<p style=\"text-align: justify;\">Por ejemplo, imagino que podr\u00edas disfrutar ver series, lo que no tiene nada de malo, pero has tomado el tiempo que est\u00e1s frente a una pantalla en tu tema que quiz\u00e1s no es tu prioridad.<\/p>\n<p style=\"text-align: justify;\">Despu\u00e9s de eso, pasas horas mirando tus redes sociales en conversaciones que quiz\u00e1s nada tiene que ver contigo, sin embargo, me imagino que est\u00e1s pensando en primer lugar \u00abes mi tiempo libre\u00bb , en segundo lugar \u00abnecesito descansar\u00bb y en tercer lugar \u00aba ti que te importa\u00bb<\/p>\n<p style=\"text-align: justify;\">Pero te quiero contar, que cuando cuidas tu atenci\u00f3n, como resultado, te\u00a0<strong>sentir\u00e1s con menos estr\u00e9s<\/strong>, te\u00a0<strong>rendir\u00e1 m\u00e1s el tiempo<\/strong>\u00a0 y estar\u00e1s\u00a0<strong>trabajando en desplegar todas tus potencialidades<\/strong>\u00a0y\u00a0 adem\u00e1s puede ser algo\u00a0<strong>divertido.<\/strong><\/p>\n<p style=\"text-align: justify;\">Por eso hoy te traigo este\u00a0<strong>juego,<\/strong>\u00a0es un quiz muy corto de 5 preguntas, que te ayudar\u00e1 a\u00a0<strong>mejorar tu atenci\u00f3n,\u00a0<\/strong>adem\u00e1s de traerte<strong>\u00a0recuerdos de tu ni\u00f1ez.<\/strong><\/p>\n<p>Para iniciar\u00a0<strong>Press Start.<\/strong><br \/>\nContesta cada pregunta, t\u00f3mate el tiempo necesario, no hay tiempo l\u00edmite.<br \/>\nSi te equivocas, aprieta\u00a0<strong>Try again<\/strong>\u00a0(int\u00e9ntalo de nuevo) y vuelve a contestar. Lo puedes hacer las veces que desees.<\/p>\n<p>Al final mira los puntos que acertaste<\/p>\n<p>Puedes encontrar pistas en este post de linkedin<\/p>\n<p><a href=\"https:\/\/www.linkedin.com\/pulse\/c%C3%B3mo-prestar-atenci%C3%B3n-tu-paula-iba%C3%B1ez\/\" target=\"_blank\" rel=\"noopener\">Articulo en linkedin<\/a><\/p>\n<p>En este video de un minuto te relata 5 tips para mejorar tu atenci\u00f3n<\/p>\n<p><a href=\"https:\/\/www.instagram.com\/p\/CCEC5c_I1cV\/?utm_source=ig_web_copy_link\" target=\"_blank\" rel=\"noopener\">video en instagram<\/a><\/p>\n<div class=\"container-wrapper-genially\" style=\"position: relative; min-height: 400px; max-width: 100%;\">\n<p><img decoding=\"async\" class=\"loader-genially\" style=\"position: absolute; top: 0; right: 0; bottom: 0; left: 0; z-index: 1; width: 80px; height: 80px; margin: auto;\" src=\"https:\/\/s3.eu-west-1.amazonaws.com\/genial.ly\/5e8159fd782a9d5b8cd925f7\/7145e9b2-4ae7-4580-9c7f-d92a7d28f3d6.jpeg\" \/><\/p>\n<div id=\"5efcf2564ff0d20d65ed3c38\" class=\"genially-embed\" style=\"margin: 0px auto; position: relative; height: auto; width: 100%; text-align: left;\">Para Resumir: te invito a jugar unos minutos, mientras lo haces aprender\u00e1s algunos tips para mejorar tu atenci\u00f3n y por supuesto te invito a compartirlo con tus amigos y colaboradores.<\/div>\n<\/div>\n","protected":false},"excerpt":{"rendered":"<p>Atenci\u00f3n es un recurso limitado, decide en que la inviertes diariamente Involucra las\u00a0funciones superiores de tu cerebro, por eso debes ocuparte en decidir en que la usas, para\u00a0 as\u00ed poder lograr tus objetivos. Hoy te traigo este juego para que aprendas y te diviertas. Si gustas baja inmediatamente y juega o lees previamente estas l\u00edneas [&hellip;]<\/p>\n","protected":false},"author":2,"featured_media":3006,"parent":0,"menu_order":1,"comment_status":"closed","ping_status":"closed","template":"","meta":{"footnotes":""},"class_list":["post-3005","page","type-page","status-publish","has-post-thumbnail","czr-hentry"],"yoast_head":"<!-- This site is optimized with the Yoast SEO plugin v27.4 - https:\/\/yoast.com\/product\/yoast-seo-wordpress\/ -->\n<title>Atenci\u00f3n: \u00bfC\u00f3mo prestarle atenci\u00f3n? - Paula Iba\u00f1ez<\/title>\n<meta name=\"robots\" content=\"index, follow, max-snippet:-1, max-image-preview:large, max-video-preview:-1\" \/>\n<link rel=\"canonical\" href=\"https:\/\/paulaibanez.cl\/intro\/atencion-prestarle-atencion\/\" \/>\n<meta property=\"og:locale\" content=\"es_ES\" \/>\n<meta property=\"og:type\" content=\"article\" \/>\n<meta property=\"og:title\" content=\"Atenci\u00f3n: \u00bfC\u00f3mo prestarle atenci\u00f3n? - Paula Iba\u00f1ez\" \/>\n<meta property=\"og:description\" content=\"Atenci\u00f3n es un recurso limitado, decide en que la inviertes diariamente Involucra las\u00a0funciones superiores de tu cerebro, por eso debes ocuparte en decidir en que la usas, para\u00a0 as\u00ed poder lograr tus objetivos. Hoy te traigo este juego para que aprendas y te diviertas. Si gustas baja inmediatamente y juega o lees previamente estas l\u00edneas [&hellip;]\" \/>\n<meta property=\"og:url\" content=\"https:\/\/paulaibanez.cl\/intro\/atencion-prestarle-atencion\/\" \/>\n<meta property=\"og:site_name\" content=\"Paula Iba\u00f1ez\" \/>\n<meta property=\"article:modified_time\" content=\"2020-07-03T19:55:04+00:00\" \/>\n<meta property=\"og:image\" content=\"https:\/\/paulaibanez.cl\/intro\/wp-content\/uploads\/2020\/07\/Captura-de-Pantalla-2020-07-02-a-las-23.55.06.png\" \/>\n\t<meta property=\"og:image:width\" content=\"1167\" \/>\n\t<meta property=\"og:image:height\" content=\"653\" \/>\n\t<meta property=\"og:image:type\" content=\"image\/png\" \/>\n<meta name=\"twitter:card\" content=\"summary_large_image\" \/>\n<meta name=\"twitter:label1\" content=\"Tiempo de lectura\" \/>\n\t<meta name=\"twitter:data1\" content=\"2 minutos\" \/>\n<script type=\"application\/ld+json\" class=\"yoast-schema-graph\">{\"@context\":\"https:\\\/\\\/schema.org\",\"@graph\":[{\"@type\":\"WebPage\",\"@id\":\"https:\\\/\\\/paulaibanez.cl\\\/intro\\\/atencion-prestarle-atencion\\\/\",\"url\":\"https:\\\/\\\/paulaibanez.cl\\\/intro\\\/atencion-prestarle-atencion\\\/\",\"name\":\"Atenci\u00f3n: \u00bfC\u00f3mo prestarle atenci\u00f3n? - Paula Iba\u00f1ez\",\"isPartOf\":{\"@id\":\"https:\\\/\\\/paulaibanez.cl\\\/intro\\\/#website\"},\"primaryImageOfPage\":{\"@id\":\"https:\\\/\\\/paulaibanez.cl\\\/intro\\\/atencion-prestarle-atencion\\\/#primaryimage\"},\"image\":{\"@id\":\"https:\\\/\\\/paulaibanez.cl\\\/intro\\\/atencion-prestarle-atencion\\\/#primaryimage\"},\"thumbnailUrl\":\"https:\\\/\\\/paulaibanez.cl\\\/intro\\\/wp-content\\\/uploads\\\/2020\\\/07\\\/Captura-de-Pantalla-2020-07-02-a-las-23.55.06.png\",\"datePublished\":\"2020-07-03T19:34:08+00:00\",\"dateModified\":\"2020-07-03T19:55:04+00:00\",\"breadcrumb\":{\"@id\":\"https:\\\/\\\/paulaibanez.cl\\\/intro\\\/atencion-prestarle-atencion\\\/#breadcrumb\"},\"inLanguage\":\"es\",\"potentialAction\":[{\"@type\":\"ReadAction\",\"target\":[\"https:\\\/\\\/paulaibanez.cl\\\/intro\\\/atencion-prestarle-atencion\\\/\"]}]},{\"@type\":\"ImageObject\",\"inLanguage\":\"es\",\"@id\":\"https:\\\/\\\/paulaibanez.cl\\\/intro\\\/atencion-prestarle-atencion\\\/#primaryimage\",\"url\":\"https:\\\/\\\/paulaibanez.cl\\\/intro\\\/wp-content\\\/uploads\\\/2020\\\/07\\\/Captura-de-Pantalla-2020-07-02-a-las-23.55.06.png\",\"contentUrl\":\"https:\\\/\\\/paulaibanez.cl\\\/intro\\\/wp-content\\\/uploads\\\/2020\\\/07\\\/Captura-de-Pantalla-2020-07-02-a-las-23.55.06.png\",\"width\":1167,\"height\":653},{\"@type\":\"BreadcrumbList\",\"@id\":\"https:\\\/\\\/paulaibanez.cl\\\/intro\\\/atencion-prestarle-atencion\\\/#breadcrumb\",\"itemListElement\":[{\"@type\":\"ListItem\",\"position\":1,\"name\":\"Portada\",\"item\":\"https:\\\/\\\/paulaibanez.cl\\\/intro\\\/\"},{\"@type\":\"ListItem\",\"position\":2,\"name\":\"Atenci\u00f3n: \u00bfC\u00f3mo prestarle atenci\u00f3n?\"}]},{\"@type\":\"WebSite\",\"@id\":\"https:\\\/\\\/paulaibanez.cl\\\/intro\\\/#website\",\"url\":\"https:\\\/\\\/paulaibanez.cl\\\/intro\\\/\",\"name\":\"Paula Iba\u00f1ez\",\"description\":\"Coaching y Neurociencia en las Organizaciones\",\"potentialAction\":[{\"@type\":\"SearchAction\",\"target\":{\"@type\":\"EntryPoint\",\"urlTemplate\":\"https:\\\/\\\/paulaibanez.cl\\\/intro\\\/?s={search_term_string}\"},\"query-input\":{\"@type\":\"PropertyValueSpecification\",\"valueRequired\":true,\"valueName\":\"search_term_string\"}}],\"inLanguage\":\"es\"}]}<\/script>\n<!-- \/ Yoast SEO plugin. -->","yoast_head_json":{"title":"Atenci\u00f3n: \u00bfC\u00f3mo prestarle atenci\u00f3n? - Paula Iba\u00f1ez","robots":{"index":"index","follow":"follow","max-snippet":"max-snippet:-1","max-image-preview":"max-image-preview:large","max-video-preview":"max-video-preview:-1"},"canonical":"https:\/\/paulaibanez.cl\/intro\/atencion-prestarle-atencion\/","og_locale":"es_ES","og_type":"article","og_title":"Atenci\u00f3n: \u00bfC\u00f3mo prestarle atenci\u00f3n? - Paula Iba\u00f1ez","og_description":"Atenci\u00f3n es un recurso limitado, decide en que la inviertes diariamente Involucra las\u00a0funciones superiores de tu cerebro, por eso debes ocuparte en decidir en que la usas, para\u00a0 as\u00ed poder lograr tus objetivos. Hoy te traigo este juego para que aprendas y te diviertas. Si gustas baja inmediatamente y juega o lees previamente estas l\u00edneas [&hellip;]","og_url":"https:\/\/paulaibanez.cl\/intro\/atencion-prestarle-atencion\/","og_site_name":"Paula Iba\u00f1ez","article_modified_time":"2020-07-03T19:55:04+00:00","og_image":[{"width":1167,"height":653,"url":"https:\/\/paulaibanez.cl\/intro\/wp-content\/uploads\/2020\/07\/Captura-de-Pantalla-2020-07-02-a-las-23.55.06.png","type":"image\/png"}],"twitter_card":"summary_large_image","twitter_misc":{"Tiempo de lectura":"2 minutos"},"schema":{"@context":"https:\/\/schema.org","@graph":[{"@type":"WebPage","@id":"https:\/\/paulaibanez.cl\/intro\/atencion-prestarle-atencion\/","url":"https:\/\/paulaibanez.cl\/intro\/atencion-prestarle-atencion\/","name":"Atenci\u00f3n: \u00bfC\u00f3mo prestarle atenci\u00f3n? - Paula Iba\u00f1ez","isPartOf":{"@id":"https:\/\/paulaibanez.cl\/intro\/#website"},"primaryImageOfPage":{"@id":"https:\/\/paulaibanez.cl\/intro\/atencion-prestarle-atencion\/#primaryimage"},"image":{"@id":"https:\/\/paulaibanez.cl\/intro\/atencion-prestarle-atencion\/#primaryimage"},"thumbnailUrl":"https:\/\/paulaibanez.cl\/intro\/wp-content\/uploads\/2020\/07\/Captura-de-Pantalla-2020-07-02-a-las-23.55.06.png","datePublished":"2020-07-03T19:34:08+00:00","dateModified":"2020-07-03T19:55:04+00:00","breadcrumb":{"@id":"https:\/\/paulaibanez.cl\/intro\/atencion-prestarle-atencion\/#breadcrumb"},"inLanguage":"es","potentialAction":[{"@type":"ReadAction","target":["https:\/\/paulaibanez.cl\/intro\/atencion-prestarle-atencion\/"]}]},{"@type":"ImageObject","inLanguage":"es","@id":"https:\/\/paulaibanez.cl\/intro\/atencion-prestarle-atencion\/#primaryimage","url":"https:\/\/paulaibanez.cl\/intro\/wp-content\/uploads\/2020\/07\/Captura-de-Pantalla-2020-07-02-a-las-23.55.06.png","contentUrl":"https:\/\/paulaibanez.cl\/intro\/wp-content\/uploads\/2020\/07\/Captura-de-Pantalla-2020-07-02-a-las-23.55.06.png","width":1167,"height":653},{"@type":"BreadcrumbList","@id":"https:\/\/paulaibanez.cl\/intro\/atencion-prestarle-atencion\/#breadcrumb","itemListElement":[{"@type":"ListItem","position":1,"name":"Portada","item":"https:\/\/paulaibanez.cl\/intro\/"},{"@type":"ListItem","position":2,"name":"Atenci\u00f3n: \u00bfC\u00f3mo prestarle atenci\u00f3n?"}]},{"@type":"WebSite","@id":"https:\/\/paulaibanez.cl\/intro\/#website","url":"https:\/\/paulaibanez.cl\/intro\/","name":"Paula Iba\u00f1ez","description":"Coaching y Neurociencia en las Organizaciones","potentialAction":[{"@type":"SearchAction","target":{"@type":"EntryPoint","urlTemplate":"https:\/\/paulaibanez.cl\/intro\/?s={search_term_string}"},"query-input":{"@type":"PropertyValueSpecification","valueRequired":true,"valueName":"search_term_string"}}],"inLanguage":"es"}]}},"_links":{"self":[{"href":"https:\/\/paulaibanez.cl\/intro\/wp-json\/wp\/v2\/pages\/3005","targetHints":{"allow":["GET"]}}],"collection":[{"href":"https:\/\/paulaibanez.cl\/intro\/wp-json\/wp\/v2\/pages"}],"about":[{"href":"https:\/\/paulaibanez.cl\/intro\/wp-json\/wp\/v2\/types\/page"}],"author":[{"embeddable":true,"href":"https:\/\/paulaibanez.cl\/intro\/wp-json\/wp\/v2\/users\/2"}],"replies":[{"embeddable":true,"href":"https:\/\/paulaibanez.cl\/intro\/wp-json\/wp\/v2\/comments?post=3005"}],"version-history":[{"count":1,"href":"https:\/\/paulaibanez.cl\/intro\/wp-json\/wp\/v2\/pages\/3005\/revisions"}],"predecessor-version":[{"id":3007,"href":"https:\/\/paulaibanez.cl\/intro\/wp-json\/wp\/v2\/pages\/3005\/revisions\/3007"}],"wp:featuredmedia":[{"embeddable":true,"href":"https:\/\/paulaibanez.cl\/intro\/wp-json\/wp\/v2\/media\/3006"}],"wp:attachment":[{"href":"https:\/\/paulaibanez.cl\/intro\/wp-json\/wp\/v2\/media?parent=3005"}],"curies":[{"name":"wp","href":"https:\/\/api.w.org\/{rel}","templated":true}]}}