{"id":51,"date":"2015-12-19T12:59:45","date_gmt":"2015-12-19T12:59:45","guid":{"rendered":"https:\/\/paulaibanez.cl\/intro\/?page_id=51"},"modified":"2015-12-29T14:27:33","modified_gmt":"2015-12-29T14:27:33","slug":"braingym","status":"publish","type":"page","link":"https:\/\/paulaibanez.cl\/intro\/braingym\/","title":{"rendered":"Braingym"},"content":{"rendered":"<p><a href=\"https:\/\/paulaibanez.cl\/intro\/wp-content\/uploads\/2015\/12\/braingym.png\" rel=\"attachment wp-att-75\"><img loading=\"lazy\" decoding=\"async\" class=\"size-medium wp-image-75 alignright\" src=\"https:\/\/paulaibanez.cl\/intro\/wp-content\/uploads\/2015\/12\/braingym-300x214.png\" alt=\"Braingym\" width=\"300\" height=\"214\" srcset=\"https:\/\/paulaibanez.cl\/intro\/wp-content\/uploads\/2015\/12\/braingym-300x214.png 300w, https:\/\/paulaibanez.cl\/intro\/wp-content\/uploads\/2015\/12\/braingym-768x548.png 768w, https:\/\/paulaibanez.cl\/intro\/wp-content\/uploads\/2015\/12\/braingym.png 897w\" sizes=\"auto, (max-width: 300px) 100vw, 300px\" \/><\/a>ENTRENAMIENTO CEREBRAL<\/p>\n<p>Un gimnasio cerebral cient\u00edficamente dise\u00f1ado que se adapta a ti con un entrenamiento personalizado adaptado a tus necesidades. S\u00f3lo 15 minutos por sesi\u00f3n para entrenar memoria, atenci\u00f3n, percepci\u00f3n, etc. Los ejercicios, dise\u00f1ados por neuropsic\u00f3logos, se presentan como juegos mentales entretenidos que tienen el fin de medir tu estado cognitivo y su evoluci\u00f3n, adem\u00e1s de su comparaci\u00f3n con el resto de usuarios.<\/p>\n<p>UNOBRAIN EN DETALLE<\/p>\n<p>Unobraining es un m\u00e9todo de entrenamiento que, sustentado en el concepto de neuroplasticidad, busca fortalecer las distintas \u00e1reas cognitivas del usuario. Para ello utiliza un completo conjunto de ejercicios dise\u00f1ado por un equipo multidisciplinar (distintos profesionales del departamento de Psicolog\u00eda de la Universidad Rey Juan Carlos de Madrid, dise\u00f1adores y programadores de primer nivel, consultores independientes, etc.) Los ejercicios se plantean en clave relativamente l\u00fadica, como juegos mentales accesibles v\u00eda online. Se busca con ello introducir un elemento de motivaci\u00f3n fundamental en cualquier programa de entrenamiento.<\/p>\n<p>&nbsp;<\/p>\n<p>Si necesitas m\u00e1s informaci\u00f3n:<\/p>\n<p><a href=\"http:\/\/www.paulaibanez.cl\/formmail\/formmail.php\">&gt;&gt; haz tu consulta<\/a><\/p>\n","protected":false},"excerpt":{"rendered":"<p>ENTRENAMIENTO CEREBRAL Un gimnasio cerebral cient\u00edficamente dise\u00f1ado que se adapta a ti con un entrenamiento personalizado adaptado a tus necesidades. S\u00f3lo 15 minutos por sesi\u00f3n para entrenar memoria, atenci\u00f3n, percepci\u00f3n, etc. Los ejercicios, dise\u00f1ados por neuropsic\u00f3logos, se presentan como juegos mentales entretenidos que tienen el fin de medir tu estado cognitivo y su evoluci\u00f3n, adem\u00e1s [&hellip;]<\/p>\n","protected":false},"author":2,"featured_media":0,"parent":0,"menu_order":0,"comment_status":"closed","ping_status":"closed","template":"","meta":{"footnotes":""},"class_list":["post-51","page","type-page","status-publish","czr-hentry"],"yoast_head":"<!-- This site is optimized with the Yoast SEO plugin v27.4 - https:\/\/yoast.com\/product\/yoast-seo-wordpress\/ -->\n<title>Braingym - Paula Iba\u00f1ez<\/title>\n<meta name=\"robots\" content=\"index, follow, max-snippet:-1, max-image-preview:large, max-video-preview:-1\" \/>\n<link rel=\"canonical\" href=\"https:\/\/paulaibanez.cl\/intro\/braingym\/\" \/>\n<meta property=\"og:locale\" content=\"es_ES\" \/>\n<meta property=\"og:type\" content=\"article\" \/>\n<meta property=\"og:title\" content=\"Braingym - Paula Iba\u00f1ez\" \/>\n<meta property=\"og:description\" content=\"ENTRENAMIENTO CEREBRAL Un gimnasio cerebral cient\u00edficamente dise\u00f1ado que se adapta a ti con un entrenamiento personalizado adaptado a tus necesidades. S\u00f3lo 15 minutos por sesi\u00f3n para entrenar memoria, atenci\u00f3n, percepci\u00f3n, etc. Los ejercicios, dise\u00f1ados por neuropsic\u00f3logos, se presentan como juegos mentales entretenidos que tienen el fin de medir tu estado cognitivo y su evoluci\u00f3n, adem\u00e1s [&hellip;]\" \/>\n<meta property=\"og:url\" content=\"https:\/\/paulaibanez.cl\/intro\/braingym\/\" \/>\n<meta property=\"og:site_name\" content=\"Paula Iba\u00f1ez\" \/>\n<meta property=\"article:modified_time\" content=\"2015-12-29T14:27:33+00:00\" \/>\n<meta property=\"og:image\" content=\"https:\/\/paulaibanez.cl\/intro\/wp-content\/uploads\/2015\/12\/braingym-300x214.png\" \/>\n<meta name=\"twitter:card\" content=\"summary_large_image\" \/>\n<meta name=\"twitter:label1\" content=\"Tiempo de lectura\" \/>\n\t<meta name=\"twitter:data1\" content=\"1 minuto\" \/>\n<script type=\"application\/ld+json\" class=\"yoast-schema-graph\">{\"@context\":\"https:\\\/\\\/schema.org\",\"@graph\":[{\"@type\":\"WebPage\",\"@id\":\"https:\\\/\\\/paulaibanez.cl\\\/intro\\\/braingym\\\/\",\"url\":\"https:\\\/\\\/paulaibanez.cl\\\/intro\\\/braingym\\\/\",\"name\":\"Braingym - Paula Iba\u00f1ez\",\"isPartOf\":{\"@id\":\"https:\\\/\\\/paulaibanez.cl\\\/intro\\\/#website\"},\"primaryImageOfPage\":{\"@id\":\"https:\\\/\\\/paulaibanez.cl\\\/intro\\\/braingym\\\/#primaryimage\"},\"image\":{\"@id\":\"https:\\\/\\\/paulaibanez.cl\\\/intro\\\/braingym\\\/#primaryimage\"},\"thumbnailUrl\":\"https:\\\/\\\/paulaibanez.cl\\\/intro\\\/wp-content\\\/uploads\\\/2015\\\/12\\\/braingym-300x214.png\",\"datePublished\":\"2015-12-19T12:59:45+00:00\",\"dateModified\":\"2015-12-29T14:27:33+00:00\",\"breadcrumb\":{\"@id\":\"https:\\\/\\\/paulaibanez.cl\\\/intro\\\/braingym\\\/#breadcrumb\"},\"inLanguage\":\"es\",\"potentialAction\":[{\"@type\":\"ReadAction\",\"target\":[\"https:\\\/\\\/paulaibanez.cl\\\/intro\\\/braingym\\\/\"]}]},{\"@type\":\"ImageObject\",\"inLanguage\":\"es\",\"@id\":\"https:\\\/\\\/paulaibanez.cl\\\/intro\\\/braingym\\\/#primaryimage\",\"url\":\"https:\\\/\\\/paulaibanez.cl\\\/intro\\\/wp-content\\\/uploads\\\/2015\\\/12\\\/braingym.png\",\"contentUrl\":\"https:\\\/\\\/paulaibanez.cl\\\/intro\\\/wp-content\\\/uploads\\\/2015\\\/12\\\/braingym.png\",\"width\":897,\"height\":640},{\"@type\":\"BreadcrumbList\",\"@id\":\"https:\\\/\\\/paulaibanez.cl\\\/intro\\\/braingym\\\/#breadcrumb\",\"itemListElement\":[{\"@type\":\"ListItem\",\"position\":1,\"name\":\"Portada\",\"item\":\"https:\\\/\\\/paulaibanez.cl\\\/intro\\\/\"},{\"@type\":\"ListItem\",\"position\":2,\"name\":\"Braingym\"}]},{\"@type\":\"WebSite\",\"@id\":\"https:\\\/\\\/paulaibanez.cl\\\/intro\\\/#website\",\"url\":\"https:\\\/\\\/paulaibanez.cl\\\/intro\\\/\",\"name\":\"Paula Iba\u00f1ez\",\"description\":\"Coaching y Neurociencia en las Organizaciones\",\"potentialAction\":[{\"@type\":\"SearchAction\",\"target\":{\"@type\":\"EntryPoint\",\"urlTemplate\":\"https:\\\/\\\/paulaibanez.cl\\\/intro\\\/?s={search_term_string}\"},\"query-input\":{\"@type\":\"PropertyValueSpecification\",\"valueRequired\":true,\"valueName\":\"search_term_string\"}}],\"inLanguage\":\"es\"}]}<\/script>\n<!-- \/ Yoast SEO plugin. -->","yoast_head_json":{"title":"Braingym - Paula Iba\u00f1ez","robots":{"index":"index","follow":"follow","max-snippet":"max-snippet:-1","max-image-preview":"max-image-preview:large","max-video-preview":"max-video-preview:-1"},"canonical":"https:\/\/paulaibanez.cl\/intro\/braingym\/","og_locale":"es_ES","og_type":"article","og_title":"Braingym - Paula Iba\u00f1ez","og_description":"ENTRENAMIENTO CEREBRAL Un gimnasio cerebral cient\u00edficamente dise\u00f1ado que se adapta a ti con un entrenamiento personalizado adaptado a tus necesidades. S\u00f3lo 15 minutos por sesi\u00f3n para entrenar memoria, atenci\u00f3n, percepci\u00f3n, etc. Los ejercicios, dise\u00f1ados por neuropsic\u00f3logos, se presentan como juegos mentales entretenidos que tienen el fin de medir tu estado cognitivo y su evoluci\u00f3n, adem\u00e1s [&hellip;]","og_url":"https:\/\/paulaibanez.cl\/intro\/braingym\/","og_site_name":"Paula Iba\u00f1ez","article_modified_time":"2015-12-29T14:27:33+00:00","og_image":[{"url":"https:\/\/paulaibanez.cl\/intro\/wp-content\/uploads\/2015\/12\/braingym-300x214.png","type":"","width":"","height":""}],"twitter_card":"summary_large_image","twitter_misc":{"Tiempo de lectura":"1 minuto"},"schema":{"@context":"https:\/\/schema.org","@graph":[{"@type":"WebPage","@id":"https:\/\/paulaibanez.cl\/intro\/braingym\/","url":"https:\/\/paulaibanez.cl\/intro\/braingym\/","name":"Braingym - Paula Iba\u00f1ez","isPartOf":{"@id":"https:\/\/paulaibanez.cl\/intro\/#website"},"primaryImageOfPage":{"@id":"https:\/\/paulaibanez.cl\/intro\/braingym\/#primaryimage"},"image":{"@id":"https:\/\/paulaibanez.cl\/intro\/braingym\/#primaryimage"},"thumbnailUrl":"https:\/\/paulaibanez.cl\/intro\/wp-content\/uploads\/2015\/12\/braingym-300x214.png","datePublished":"2015-12-19T12:59:45+00:00","dateModified":"2015-12-29T14:27:33+00:00","breadcrumb":{"@id":"https:\/\/paulaibanez.cl\/intro\/braingym\/#breadcrumb"},"inLanguage":"es","potentialAction":[{"@type":"ReadAction","target":["https:\/\/paulaibanez.cl\/intro\/braingym\/"]}]},{"@type":"ImageObject","inLanguage":"es","@id":"https:\/\/paulaibanez.cl\/intro\/braingym\/#primaryimage","url":"https:\/\/paulaibanez.cl\/intro\/wp-content\/uploads\/2015\/12\/braingym.png","contentUrl":"https:\/\/paulaibanez.cl\/intro\/wp-content\/uploads\/2015\/12\/braingym.png","width":897,"height":640},{"@type":"BreadcrumbList","@id":"https:\/\/paulaibanez.cl\/intro\/braingym\/#breadcrumb","itemListElement":[{"@type":"ListItem","position":1,"name":"Portada","item":"https:\/\/paulaibanez.cl\/intro\/"},{"@type":"ListItem","position":2,"name":"Braingym"}]},{"@type":"WebSite","@id":"https:\/\/paulaibanez.cl\/intro\/#website","url":"https:\/\/paulaibanez.cl\/intro\/","name":"Paula Iba\u00f1ez","description":"Coaching y Neurociencia en las Organizaciones","potentialAction":[{"@type":"SearchAction","target":{"@type":"EntryPoint","urlTemplate":"https:\/\/paulaibanez.cl\/intro\/?s={search_term_string}"},"query-input":{"@type":"PropertyValueSpecification","valueRequired":true,"valueName":"search_term_string"}}],"inLanguage":"es"}]}},"_links":{"self":[{"href":"https:\/\/paulaibanez.cl\/intro\/wp-json\/wp\/v2\/pages\/51","targetHints":{"allow":["GET"]}}],"collection":[{"href":"https:\/\/paulaibanez.cl\/intro\/wp-json\/wp\/v2\/pages"}],"about":[{"href":"https:\/\/paulaibanez.cl\/intro\/wp-json\/wp\/v2\/types\/page"}],"author":[{"embeddable":true,"href":"https:\/\/paulaibanez.cl\/intro\/wp-json\/wp\/v2\/users\/2"}],"replies":[{"embeddable":true,"href":"https:\/\/paulaibanez.cl\/intro\/wp-json\/wp\/v2\/comments?post=51"}],"version-history":[{"count":6,"href":"https:\/\/paulaibanez.cl\/intro\/wp-json\/wp\/v2\/pages\/51\/revisions"}],"predecessor-version":[{"id":142,"href":"https:\/\/paulaibanez.cl\/intro\/wp-json\/wp\/v2\/pages\/51\/revisions\/142"}],"wp:attachment":[{"href":"https:\/\/paulaibanez.cl\/intro\/wp-json\/wp\/v2\/media?parent=51"}],"curies":[{"name":"wp","href":"https:\/\/api.w.org\/{rel}","templated":true}]}}