{"id":56,"date":"2015-12-19T13:08:19","date_gmt":"2015-12-19T13:08:19","guid":{"rendered":"https:\/\/paulaibanez.cl\/intro\/?page_id=56"},"modified":"2015-12-29T14:28:46","modified_gmt":"2015-12-29T14:28:46","slug":"coaching","status":"publish","type":"page","link":"https:\/\/paulaibanez.cl\/intro\/coaching\/","title":{"rendered":"Coaching"},"content":{"rendered":"<p><a href=\"https:\/\/paulaibanez.cl\/intro\/wp-content\/uploads\/2015\/12\/teambuiliding.jpg\" rel=\"attachment wp-att-95\"><img loading=\"lazy\" decoding=\"async\" class=\"size-medium wp-image-95 alignright\" src=\"https:\/\/paulaibanez.cl\/intro\/wp-content\/uploads\/2015\/12\/teambuiliding-300x207.jpg\" alt=\"Coaching\" width=\"300\" height=\"207\" \/><\/a>Es una metodolog\u00eda de acompa\u00f1amiento, que ayuda a que las personas encuentren sus propios recursos, para lograr ser la mejor versi\u00f3n de si mismos. As\u00ed poder encaminar la vida en la direcci\u00f3n que desean, tanto en el \u00e1rea profesional como personal.<\/p>\n<p>En este periodo se trabaja semana a semana en identificar las metas, un plan de acci\u00f3n y monitoreo que se van cumpliendo los pasos, como ir resolviendo tem\u00e1ticas nuevas sobre el objetivo que se est\u00e1 trabajando<\/p>\n<p>Se utilizan varias herramientas necesarias para generar opciones, aprendizajes y remover creencias limitantes, as\u00ed mejora el desempe\u00f1o, la eficiencia, gesti\u00f3n de emociones y manejo de estr\u00e9s. Todo necesario para lograr los objetivos, planteados en el proceso.<\/p>\n<p>Las personas toman procesos de Coaching para distintos temas como: querer emprender, desarrollar habilidades laborales, escribir un libro, cambiarse de \u00e1rea laboral, volver a\u00a0 trabajar, adolescentes que no saben qu\u00e9 estudiar, desaf\u00edos deportivos, intereses de viajes, aprender un idioma, cambiarse de ciudad, adaptarse a una nueva ciudad, entre otros&#8230;<\/p>\n<p>&nbsp;<\/p>\n<p>Si necesitas m\u00e1s informaci\u00f3n:<\/p>\n<p><a href=\"http:\/\/www.paulaibanez.cl\/formmail\/formmail.php\">&gt;&gt; haz tu consulta<\/a><\/p>\n","protected":false},"excerpt":{"rendered":"<p>Es una metodolog\u00eda de acompa\u00f1amiento, que ayuda a que las personas encuentren sus propios recursos, para lograr ser la mejor versi\u00f3n de si mismos. As\u00ed poder encaminar la vida en la direcci\u00f3n que desean, tanto en el \u00e1rea profesional como personal. En este periodo se trabaja semana a semana en identificar las metas, un plan [&hellip;]<\/p>\n","protected":false},"author":2,"featured_media":0,"parent":0,"menu_order":0,"comment_status":"closed","ping_status":"closed","template":"","meta":{"footnotes":""},"class_list":["post-56","page","type-page","status-publish","czr-hentry"],"yoast_head":"<!-- This site is optimized with the Yoast SEO plugin v27.4 - https:\/\/yoast.com\/product\/yoast-seo-wordpress\/ -->\n<title>Coaching - Paula Iba\u00f1ez<\/title>\n<meta name=\"robots\" content=\"index, follow, max-snippet:-1, max-image-preview:large, max-video-preview:-1\" \/>\n<link rel=\"canonical\" href=\"https:\/\/paulaibanez.cl\/intro\/coaching\/\" \/>\n<meta property=\"og:locale\" content=\"es_ES\" \/>\n<meta property=\"og:type\" content=\"article\" \/>\n<meta property=\"og:title\" content=\"Coaching - Paula Iba\u00f1ez\" \/>\n<meta property=\"og:description\" content=\"Es una metodolog\u00eda de acompa\u00f1amiento, que ayuda a que las personas encuentren sus propios recursos, para lograr ser la mejor versi\u00f3n de si mismos. As\u00ed poder encaminar la vida en la direcci\u00f3n que desean, tanto en el \u00e1rea profesional como personal. En este periodo se trabaja semana a semana en identificar las metas, un plan [&hellip;]\" \/>\n<meta property=\"og:url\" content=\"https:\/\/paulaibanez.cl\/intro\/coaching\/\" \/>\n<meta property=\"og:site_name\" content=\"Paula Iba\u00f1ez\" \/>\n<meta property=\"article:modified_time\" content=\"2015-12-29T14:28:46+00:00\" \/>\n<meta property=\"og:image\" content=\"https:\/\/paulaibanez.cl\/intro\/wp-content\/uploads\/2015\/12\/teambuiliding-300x207.jpg\" \/>\n<meta name=\"twitter:card\" content=\"summary_large_image\" \/>\n<meta name=\"twitter:label1\" content=\"Tiempo de lectura\" \/>\n\t<meta name=\"twitter:data1\" content=\"1 minuto\" \/>\n<script type=\"application\/ld+json\" class=\"yoast-schema-graph\">{\"@context\":\"https:\\\/\\\/schema.org\",\"@graph\":[{\"@type\":\"WebPage\",\"@id\":\"https:\\\/\\\/paulaibanez.cl\\\/intro\\\/coaching\\\/\",\"url\":\"https:\\\/\\\/paulaibanez.cl\\\/intro\\\/coaching\\\/\",\"name\":\"Coaching - Paula Iba\u00f1ez\",\"isPartOf\":{\"@id\":\"https:\\\/\\\/paulaibanez.cl\\\/intro\\\/#website\"},\"primaryImageOfPage\":{\"@id\":\"https:\\\/\\\/paulaibanez.cl\\\/intro\\\/coaching\\\/#primaryimage\"},\"image\":{\"@id\":\"https:\\\/\\\/paulaibanez.cl\\\/intro\\\/coaching\\\/#primaryimage\"},\"thumbnailUrl\":\"https:\\\/\\\/paulaibanez.cl\\\/intro\\\/wp-content\\\/uploads\\\/2015\\\/12\\\/teambuiliding-300x207.jpg\",\"datePublished\":\"2015-12-19T13:08:19+00:00\",\"dateModified\":\"2015-12-29T14:28:46+00:00\",\"breadcrumb\":{\"@id\":\"https:\\\/\\\/paulaibanez.cl\\\/intro\\\/coaching\\\/#breadcrumb\"},\"inLanguage\":\"es\",\"potentialAction\":[{\"@type\":\"ReadAction\",\"target\":[\"https:\\\/\\\/paulaibanez.cl\\\/intro\\\/coaching\\\/\"]}]},{\"@type\":\"ImageObject\",\"inLanguage\":\"es\",\"@id\":\"https:\\\/\\\/paulaibanez.cl\\\/intro\\\/coaching\\\/#primaryimage\",\"url\":\"https:\\\/\\\/paulaibanez.cl\\\/intro\\\/wp-content\\\/uploads\\\/2015\\\/12\\\/teambuiliding.jpg\",\"contentUrl\":\"https:\\\/\\\/paulaibanez.cl\\\/intro\\\/wp-content\\\/uploads\\\/2015\\\/12\\\/teambuiliding.jpg\",\"width\":923,\"height\":638},{\"@type\":\"BreadcrumbList\",\"@id\":\"https:\\\/\\\/paulaibanez.cl\\\/intro\\\/coaching\\\/#breadcrumb\",\"itemListElement\":[{\"@type\":\"ListItem\",\"position\":1,\"name\":\"Portada\",\"item\":\"https:\\\/\\\/paulaibanez.cl\\\/intro\\\/\"},{\"@type\":\"ListItem\",\"position\":2,\"name\":\"Coaching\"}]},{\"@type\":\"WebSite\",\"@id\":\"https:\\\/\\\/paulaibanez.cl\\\/intro\\\/#website\",\"url\":\"https:\\\/\\\/paulaibanez.cl\\\/intro\\\/\",\"name\":\"Paula Iba\u00f1ez\",\"description\":\"Coaching y Neurociencia en las Organizaciones\",\"potentialAction\":[{\"@type\":\"SearchAction\",\"target\":{\"@type\":\"EntryPoint\",\"urlTemplate\":\"https:\\\/\\\/paulaibanez.cl\\\/intro\\\/?s={search_term_string}\"},\"query-input\":{\"@type\":\"PropertyValueSpecification\",\"valueRequired\":true,\"valueName\":\"search_term_string\"}}],\"inLanguage\":\"es\"}]}<\/script>\n<!-- \/ Yoast SEO plugin. -->","yoast_head_json":{"title":"Coaching - Paula Iba\u00f1ez","robots":{"index":"index","follow":"follow","max-snippet":"max-snippet:-1","max-image-preview":"max-image-preview:large","max-video-preview":"max-video-preview:-1"},"canonical":"https:\/\/paulaibanez.cl\/intro\/coaching\/","og_locale":"es_ES","og_type":"article","og_title":"Coaching - Paula Iba\u00f1ez","og_description":"Es una metodolog\u00eda de acompa\u00f1amiento, que ayuda a que las personas encuentren sus propios recursos, para lograr ser la mejor versi\u00f3n de si mismos. As\u00ed poder encaminar la vida en la direcci\u00f3n que desean, tanto en el \u00e1rea profesional como personal. En este periodo se trabaja semana a semana en identificar las metas, un plan [&hellip;]","og_url":"https:\/\/paulaibanez.cl\/intro\/coaching\/","og_site_name":"Paula Iba\u00f1ez","article_modified_time":"2015-12-29T14:28:46+00:00","og_image":[{"url":"https:\/\/paulaibanez.cl\/intro\/wp-content\/uploads\/2015\/12\/teambuiliding-300x207.jpg","type":"","width":"","height":""}],"twitter_card":"summary_large_image","twitter_misc":{"Tiempo de lectura":"1 minuto"},"schema":{"@context":"https:\/\/schema.org","@graph":[{"@type":"WebPage","@id":"https:\/\/paulaibanez.cl\/intro\/coaching\/","url":"https:\/\/paulaibanez.cl\/intro\/coaching\/","name":"Coaching - Paula Iba\u00f1ez","isPartOf":{"@id":"https:\/\/paulaibanez.cl\/intro\/#website"},"primaryImageOfPage":{"@id":"https:\/\/paulaibanez.cl\/intro\/coaching\/#primaryimage"},"image":{"@id":"https:\/\/paulaibanez.cl\/intro\/coaching\/#primaryimage"},"thumbnailUrl":"https:\/\/paulaibanez.cl\/intro\/wp-content\/uploads\/2015\/12\/teambuiliding-300x207.jpg","datePublished":"2015-12-19T13:08:19+00:00","dateModified":"2015-12-29T14:28:46+00:00","breadcrumb":{"@id":"https:\/\/paulaibanez.cl\/intro\/coaching\/#breadcrumb"},"inLanguage":"es","potentialAction":[{"@type":"ReadAction","target":["https:\/\/paulaibanez.cl\/intro\/coaching\/"]}]},{"@type":"ImageObject","inLanguage":"es","@id":"https:\/\/paulaibanez.cl\/intro\/coaching\/#primaryimage","url":"https:\/\/paulaibanez.cl\/intro\/wp-content\/uploads\/2015\/12\/teambuiliding.jpg","contentUrl":"https:\/\/paulaibanez.cl\/intro\/wp-content\/uploads\/2015\/12\/teambuiliding.jpg","width":923,"height":638},{"@type":"BreadcrumbList","@id":"https:\/\/paulaibanez.cl\/intro\/coaching\/#breadcrumb","itemListElement":[{"@type":"ListItem","position":1,"name":"Portada","item":"https:\/\/paulaibanez.cl\/intro\/"},{"@type":"ListItem","position":2,"name":"Coaching"}]},{"@type":"WebSite","@id":"https:\/\/paulaibanez.cl\/intro\/#website","url":"https:\/\/paulaibanez.cl\/intro\/","name":"Paula Iba\u00f1ez","description":"Coaching y Neurociencia en las Organizaciones","potentialAction":[{"@type":"SearchAction","target":{"@type":"EntryPoint","urlTemplate":"https:\/\/paulaibanez.cl\/intro\/?s={search_term_string}"},"query-input":{"@type":"PropertyValueSpecification","valueRequired":true,"valueName":"search_term_string"}}],"inLanguage":"es"}]}},"_links":{"self":[{"href":"https:\/\/paulaibanez.cl\/intro\/wp-json\/wp\/v2\/pages\/56","targetHints":{"allow":["GET"]}}],"collection":[{"href":"https:\/\/paulaibanez.cl\/intro\/wp-json\/wp\/v2\/pages"}],"about":[{"href":"https:\/\/paulaibanez.cl\/intro\/wp-json\/wp\/v2\/types\/page"}],"author":[{"embeddable":true,"href":"https:\/\/paulaibanez.cl\/intro\/wp-json\/wp\/v2\/users\/2"}],"replies":[{"embeddable":true,"href":"https:\/\/paulaibanez.cl\/intro\/wp-json\/wp\/v2\/comments?post=56"}],"version-history":[{"count":5,"href":"https:\/\/paulaibanez.cl\/intro\/wp-json\/wp\/v2\/pages\/56\/revisions"}],"predecessor-version":[{"id":144,"href":"https:\/\/paulaibanez.cl\/intro\/wp-json\/wp\/v2\/pages\/56\/revisions\/144"}],"wp:attachment":[{"href":"https:\/\/paulaibanez.cl\/intro\/wp-json\/wp\/v2\/media?parent=56"}],"curies":[{"name":"wp","href":"https:\/\/api.w.org\/{rel}","templated":true}]}}